{"id":33797,"date":"2024-09-02T12:19:26","date_gmt":"2024-09-02T12:19:26","guid":{"rendered":"https:\/\/www.digife.it\/?page_id=33797"},"modified":"2024-09-02T12:19:26","modified_gmt":"2024-09-02T12:19:26","slug":"modena-websites","status":"publish","type":"page","link":"https:\/\/www.digife.it\/de\/modena-websites\/","title":{"rendered":"Siti Web Modena"},"content":{"rendered":"<div id=\"fws_69dcb1dae1232\"  data-column-margin=\"default\" data-midnight=\"dark\"  class=\"wpb_row vc_row-fluid vc_row full-width-content vc_row-o-equal-height vc_row-flex vc_row-o-content-middle\"  style=\"padding-top: 0px; padding-bottom: 0px; \"><div class=\"row-bg-wrap\" data-bg-animation=\"none\" data-bg-animation-delay=\"\" data-bg-overlay=\"false\"><div class=\"inner-wrap row-bg-layer\" ><div class=\"row-bg viewport-desktop\"  style=\"\"><\/div><\/div><\/div><div class=\"row_col_wrap_12 col span_12 dark left\">\n\t<div  class=\"vc_col-sm-12 wpb_column column_container vc_column_container col no-extra-padding inherit_tablet inherit_phone\"  data-border-animation=\"true\" data-border-animation-delay=\"\" data-border-width=\"1px\" data-border-style=\"solid\" data-border-color=\"#dddddd\" data-padding-pos=\"all\" data-has-bg-color=\"false\" data-bg-color=\"\" data-bg-opacity=\"1\" data-animation=\"\" data-delay=\"0\" >\n\t\t<div class=\"vc_column-inner\" style=\"border: 1px solid rgba(255,255,255,0); \"><span class=\"border-wrap\" style=\"border-color: #dddddd;\"><span class=\"border-top\"><\/span><span class=\"border-right\"><\/span><span class=\"border-bottom\"><\/span><span class=\"border-left\"><\/span><\/span>\n\t\t\t<div class=\"wpb_wrapper\">\n\t\t\t\t<div id=\"fws_69dcb1dae1a26\" data-midnight=\"\" data-column-margin=\"default\" class=\"wpb_row vc_row-fluid vc_row inner_row vc_row-o-equal-height vc_row-flex vc_row-o-content-middle\"  style=\"\"><div class=\"row-bg-wrap\"> <div class=\"row-bg\" ><\/div> <\/div><div class=\"row_col_wrap_12_inner col span_12  left\">\n\t<div style=\"\" class=\"vc_col-sm-6 vc_hidden-sm vc_hidden-xs wpb_column column_container vc_column_container col child_column no-extra-padding inherit_tablet inherit_phone\"  data-using-bg=\"true\" data-bg-cover=\"true\" data-padding-pos=\"all\" data-has-bg-color=\"false\" data-bg-color=\"\" data-bg-opacity=\"1\" data-animation=\"\" data-delay=\"0\" >\n\t\t<div class=\"vc_column-inner\" ><div class=\"column-image-bg-wrap column-bg-layer viewport-desktop\" data-bg-pos=\"center center\" data-bg-animation=\"none\" data-bg-overlay=\"false\"><div class=\"inner-wrap\"><div class=\"column-image-bg\" style=\" background-image: url('https:\/\/www.digife.it\/wp-content\/uploads\/2014\/11\/realizzazione2-digife-siti-web-grafica-ecommerce-ferrara-bologna-rovigo.jpg'); \"><\/div><\/div><\/div>\n\t\t<div class=\"wpb_wrapper\">\n\t\t\t\n\t\t<\/div> \n\t<\/div>\n\t<\/div> \n\n\t<div  class=\"vc_col-sm-6 wpb_column column_container vc_column_container col child_column padding-4-percent inherit_tablet inherit_phone\"   data-padding-pos=\"all\" data-has-bg-color=\"false\" data-bg-color=\"\" data-bg-opacity=\"1\" data-animation=\"\" data-delay=\"0\" >\n\t\t<div class=\"vc_column-inner\" >\n\t\t<div class=\"wpb_wrapper\">\n\t\t\t<div class=\"divider-wrap\" data-alignment=\"default\"><div style=\"height: 40px;\" class=\"divider\"><\/div><\/div>\n<div class=\"wpb_text_column wpb_content_element\" >\n\t<h5>DigiFe<\/h5>\n<h1><span style=\"color: #005698;\">Website-Erstellung Modena und Provinz<\/span><\/h1>\n<\/div>\n\n\n\n<div class=\"divider-wrap\" data-alignment=\"default\"><div style=\"height: 20px;\" class=\"divider\"><\/div><\/div>\n<div class=\"wpb_text_column wpb_content_element\" >\n\t<p>Unser Engagement beschr\u00e4nkt sich nicht nur auf die Erstellung optisch ansprechender Websites, sondern wir sorgen auch daf\u00fcr, dass diese funktional und kommunikativ sind und Ihre Identit\u00e4t, Ihre Produkte und Ihre Dienstleistungen optimal widerspiegeln. Wir bieten L\u00f6sungen an, die sich problemlos eigenst\u00e4ndig verwalten und schnell aktualisieren lassen. Mit \u00fcber 10 Jahren Erfahrung besch\u00e4ftigen wir uns mit der Erstellung von Websites in Modena und Umgebung.<\/p>\n<\/div>\n\n\n\n<div class=\"nectar-split-heading\" data-align=\"default\" data-m-align=\"inherit\" data-text-effect=\"default\" data-animation-type=\"line-reveal-by-space\" data-animation-delay=\"0\" data-animation-offset=\"\" data-m-rm-animation=\"\" data-stagger=\"\" data-custom-font-size=\"false\" ><h3 >Bis ins kleinste Detail betreute Projekte<\/h3><\/div>\n<div class=\"wpb_text_column wpb_content_element\" >\n\t<p>Unsere Projekte vereinen Qualit\u00e4t und Komfort und gew\u00e4hrleisten ma\u00dfgeschneiderte Designs f\u00fcr jeden Bedarf. Wir legen bei jedem Projekt gro\u00dfen Wert auf eine einheitliche Kommunikation und verwenden qualitativ hochwertige, professionelle Bilder. Jeder Aspekt wird ber\u00fccksichtigt, um eine vollst\u00e4ndige und kompromisslose Site anzubieten.<\/p>\n<h3><\/h3>\n<\/div>\n\n\n\n<div class=\"nectar-split-heading\" data-align=\"default\" data-m-align=\"inherit\" data-text-effect=\"default\" data-animation-type=\"line-reveal-by-space\" data-animation-delay=\"0\" data-animation-offset=\"\" data-m-rm-animation=\"\" data-stagger=\"\" data-custom-font-size=\"false\" ><h3 >Lokale oder Cloud-Hosting-L\u00f6sungen<\/h3><\/div>\n<div class=\"wpb_text_column wpb_content_element\" >\n\t<p>Wir bieten sowohl lokale als auch Cloud-basierte Intranet- und Serverl\u00f6sungen an, um die Sicherheit und Erhaltung der wesentlichen Daten Ihrer Site zu gew\u00e4hrleisten und so den Informationsschutz zu gew\u00e4hrleisten.<\/p>\n<h3><\/h3>\n<\/div>\n\n\n\n<div class=\"nectar-split-heading\" data-align=\"default\" data-m-align=\"inherit\" data-text-effect=\"default\" data-animation-type=\"line-reveal-by-space\" data-animation-delay=\"0\" data-animation-offset=\"\" data-m-rm-animation=\"\" data-stagger=\"\" data-custom-font-size=\"false\" ><h3 >Entwicklung mit modernen Technologien<\/h3><\/div>\n<div class=\"wpb_text_column wpb_content_element\" >\n\t<p>Wir sind Experten in der Softwareentwicklung unter Verwendung neuester Technologien wie PHP, JavaScript\/jQuery, HTML5 und mehr. Wir entwickeln innovative und ansprechende L\u00f6sungen und bleiben dabei stets \u00fcber die neuesten Branchentrends auf dem Laufenden.<\/p>\n<\/div>\n\n\n\n\n\t\t<\/div> \n\t<\/div>\n\t<\/div> \n<\/div><\/div>\n\t\t\t<\/div> \n\t\t<\/div>\n\t<\/div> \n<\/div><\/div>\n\t\t<div id=\"fws_69dcb1daeb38e\"  data-column-margin=\"default\" data-midnight=\"dark\" data-top-percent=\"4%\" data-bottom-percent=\"4%\"  class=\"wpb_row vc_row-fluid vc_row full-width-section has-row-bg-color\"  style=\"padding-top: calc(100vw * 0.04); padding-bottom: calc(100vw * 0.04); --row-bg-color: #ffffff;\"><div class=\"row-bg-wrap\" data-bg-animation=\"none\" data-bg-animation-delay=\"\" data-bg-overlay=\"false\"><div class=\"inner-wrap row-bg-layer\" ><div class=\"row-bg viewport-desktop using-bg-color\"  style=\"background-color: #ffffff; \"><\/div><\/div><\/div><div class=\"row_col_wrap_12 col span_12 dark left\">\n\t<div  class=\"vc_col-sm-12 wpb_column column_container vc_column_container col centered-text no-extra-padding inherit_tablet inherit_phone\"  data-padding-pos=\"all\" data-has-bg-color=\"false\" data-bg-color=\"\" data-bg-opacity=\"1\" data-animation=\"\" data-delay=\"0\" >\n\t\t<div class=\"vc_column-inner\" >\n\t\t\t<div class=\"wpb_wrapper\">\n\t\t\t\t\n<div class=\"wpb_text_column wpb_content_element\" >\n\t<h2>Eigenschaften<\/h2>\n<p>Alles, was Ihre Website ben\u00f6tigt, wird von unseren Diensten bereitgestellt.<\/p>\n<\/div>\n\n\n\n\n\t\t\t<\/div> \n\t\t<\/div>\n\t<\/div> \n<\/div><\/div>\n\t\t<div id=\"fws_69dcb1daec009\"  data-column-margin=\"default\" data-midnight=\"dark\" data-bottom-percent=\"4%\"  class=\"wpb_row vc_row-fluid vc_row full-width-section has-row-bg-color\"  style=\"padding-top: 0px; padding-bottom: calc(100vw * 0.04); --row-bg-color: #ffffff;\"><div class=\"row-bg-wrap\" data-bg-animation=\"none\" data-bg-animation-delay=\"\" data-bg-overlay=\"false\"><div class=\"inner-wrap row-bg-layer\" ><div class=\"row-bg viewport-desktop using-bg-color\"  style=\"background-color: #ffffff; \"><\/div><\/div><\/div><div class=\"row_col_wrap_12 col span_12 dark left\">\n\t<div  class=\"vc_col-sm-3 wpb_column column_container vc_column_container col centered-text padding-1-percent inherit_tablet inherit_phone\"  data-padding-pos=\"all\" data-has-bg-color=\"false\" data-bg-color=\"\" data-bg-opacity=\"1\" data-animation=\"\" data-delay=\"0\" >\n\t\t<div class=\"vc_column-inner\" >\n\t\t\t<div class=\"wpb_wrapper\">\n\t\t\t\t<div class=\"nectar_icon_wrap\" data-style=\"default\" data-padding=\"0px\" data-color=\"accent-color\" style=\"\" >\n\t\t<div class=\"nectar_icon\" ><i style=\"font-size: 60px; line-height: 60px; height: 60px; width: 60px;\" class=\"fa fa-arrows-alt\"><\/i><\/div>\n\t<\/div><div id=\"fws_69dcb1daed5b2\" data-midnight=\"\" data-column-margin=\"default\" class=\"wpb_row vc_row-fluid vc_row inner_row\"  style=\"\"><div class=\"row-bg-wrap\"> <div class=\"row-bg\" ><\/div> <\/div><div class=\"row_col_wrap_12_inner col span_12  left\">\n\t<div  class=\"vc_col-sm-12 wpb_column column_container vc_column_container col child_column has-animation no-extra-padding inherit_tablet inherit_phone\"   data-padding-pos=\"all\" data-has-bg-color=\"false\" data-bg-color=\"\" data-bg-opacity=\"1\" data-animation=\"fade-in-from-bottom\" data-delay=\"0\" >\n\t\t<div class=\"vc_column-inner\" >\n\t\t<div class=\"wpb_wrapper\">\n\t\t\t\n<div class=\"wpb_text_column wpb_content_element\" >\n\t<h5>Sich anpassendes Webdesign<\/h5>\n<p>Unsere Designprojekte sind vollst\u00e4ndig responsiv und gew\u00e4hrleisten ein optimales Erlebnis auf jedem Ger\u00e4t, vom Desktop-Computer bis hin zu Tablets und Smartphones. Angesichts der zunehmenden Nutzung mobiler Endger\u00e4te ist eine einfache Navigation von entscheidender Bedeutung. Wir sind immer und \u00fcberall pr\u00e4sent, wo Nutzer nach Ihren Diensten suchen.<\/p>\n<\/div>\n\n\n\n\n\t\t<\/div> \n\t<\/div>\n\t<\/div> \n<\/div><\/div>\n\t\t\t<\/div> \n\t\t<\/div>\n\t<\/div> \n\n\t<div  class=\"vc_col-sm-3 wpb_column column_container vc_column_container col centered-text padding-1-percent inherit_tablet inherit_phone\"  data-padding-pos=\"all\" data-has-bg-color=\"false\" data-bg-color=\"\" data-bg-opacity=\"1\" data-animation=\"\" data-delay=\"0\" >\n\t\t<div class=\"vc_column-inner\" >\n\t\t\t<div class=\"wpb_wrapper\">\n\t\t\t\t<div class=\"nectar_icon_wrap\" data-style=\"default\" data-padding=\"0px\" data-color=\"accent-color\" style=\"\" >\n\t\t<div class=\"nectar_icon\" ><i style=\"font-size: 60px; line-height: 60px; height: 60px; width: 60px;\" class=\"fa fa-pencil-square-o\"><\/i><\/div>\n\t<\/div><div id=\"fws_69dcb1daeea27\" data-midnight=\"\" data-column-margin=\"default\" class=\"wpb_row vc_row-fluid vc_row inner_row\"  style=\"\"><div class=\"row-bg-wrap\"> <div class=\"row-bg\" ><\/div> <\/div><div class=\"row_col_wrap_12_inner col span_12  left\">\n\t<div  class=\"vc_col-sm-12 wpb_column column_container vc_column_container col child_column has-animation no-extra-padding inherit_tablet inherit_phone\"   data-padding-pos=\"all\" data-has-bg-color=\"false\" data-bg-color=\"\" data-bg-opacity=\"1\" data-animation=\"fade-in-from-bottom\" data-delay=\"400\" >\n\t\t<div class=\"vc_column-inner\" >\n\t\t<div class=\"wpb_wrapper\">\n\t\t\t\n<div class=\"wpb_text_column wpb_content_element\" >\n\t<h5>Professionelle Grafik<\/h5>\n<p>Wir bieten individuelle Grafiken, die die Aufmerksamkeit Ihres Online-Publikums auf sich ziehen und es fesseln. Unsere Websites sind darauf ausgelegt, alle Anforderungen des Marktes zu erf\u00fcllen und eine Online-Pr\u00e4senz zu bieten, die Professionalit\u00e4t und visuelle Wirkung vereint.<\/p>\n<\/div>\n\n\n\n\n\t\t<\/div> \n\t<\/div>\n\t<\/div> \n<\/div><\/div>\n\t\t\t<\/div> \n\t\t<\/div>\n\t<\/div> \n\n\t<div  class=\"vc_col-sm-3 wpb_column column_container vc_column_container col centered-text padding-1-percent inherit_tablet inherit_phone\"  data-padding-pos=\"all\" data-has-bg-color=\"false\" data-bg-color=\"\" data-bg-opacity=\"1\" data-animation=\"\" data-delay=\"0\" >\n\t\t<div class=\"vc_column-inner\" >\n\t\t\t<div class=\"wpb_wrapper\">\n\t\t\t\t<div class=\"nectar_icon_wrap\" data-style=\"default\" data-padding=\"0px\" data-color=\"accent-color\" style=\"\" >\n\t\t<div class=\"nectar_icon\" ><i style=\"font-size: 60px; line-height: 60px; height: 60px; width: 60px;\" class=\"fa fa-cog\"><\/i><\/div>\n\t<\/div><div id=\"fws_69dcb1daefa1d\" data-midnight=\"\" data-column-margin=\"default\" class=\"wpb_row vc_row-fluid vc_row inner_row\"  style=\"\"><div class=\"row-bg-wrap\"> <div class=\"row-bg\" ><\/div> <\/div><div class=\"row_col_wrap_12_inner col span_12  left\">\n\t<div  class=\"vc_col-sm-12 wpb_column column_container vc_column_container col child_column has-animation no-extra-padding inherit_tablet inherit_phone\"   data-padding-pos=\"all\" data-has-bg-color=\"false\" data-bg-color=\"\" data-bg-opacity=\"1\" data-animation=\"fade-in-from-bottom\" data-delay=\"800\" >\n\t\t<div class=\"vc_column-inner\" >\n\t\t<div class=\"wpb_wrapper\">\n\t\t\t\n<div class=\"wpb_text_column wpb_content_element\" >\n\t<h5>CMS<\/h5>\n<p>Wir erstellen Websites auf Basis von Open-Source-Plattformen mit Content-Management-Systemen (CMS), die eine autonome Verwaltung der Website erm\u00f6glichen. Unsere Verwaltungsoberfl\u00e4che ist einfach und intuitiv und erm\u00f6glicht schnelle \u00c4nderungen ohne fortgeschrittene technische Kenntnisse.<\/p>\n<\/div>\n\n\n\n\n\t\t<\/div> \n\t<\/div>\n\t<\/div> \n<\/div><\/div>\n\t\t\t<\/div> \n\t\t<\/div>\n\t<\/div> \n\n\t<div  class=\"vc_col-sm-3 wpb_column column_container vc_column_container col centered-text padding-1-percent inherit_tablet inherit_phone\"  data-padding-pos=\"all\" data-has-bg-color=\"false\" data-bg-color=\"\" data-bg-opacity=\"1\" data-animation=\"\" data-delay=\"0\" >\n\t\t<div class=\"vc_column-inner\" >\n\t\t\t<div class=\"wpb_wrapper\">\n\t\t\t\t<div class=\"nectar_icon_wrap\" data-style=\"default\" data-padding=\"0px\" data-color=\"accent-color\" style=\"\" >\n\t\t<div class=\"nectar_icon\" ><i style=\"font-size: 60px; line-height: 60px; height: 60px; width: 60px;\" class=\"fa fa-server\"><\/i><\/div>\n\t<\/div><div id=\"fws_69dcb1daf0a59\" data-midnight=\"\" data-column-margin=\"default\" class=\"wpb_row vc_row-fluid vc_row inner_row\"  style=\"\"><div class=\"row-bg-wrap\"> <div class=\"row-bg\" ><\/div> <\/div><div class=\"row_col_wrap_12_inner col span_12  left\">\n\t<div  class=\"vc_col-sm-12 wpb_column column_container vc_column_container col child_column has-animation no-extra-padding inherit_tablet inherit_phone\"   data-padding-pos=\"all\" data-has-bg-color=\"false\" data-bg-color=\"\" data-bg-opacity=\"1\" data-animation=\"fade-in-from-bottom\" data-delay=\"1200\" >\n\t\t<div class=\"vc_column-inner\" >\n\t\t<div class=\"wpb_wrapper\">\n\t\t\t\n<div class=\"wpb_text_column wpb_content_element\" >\n\t<h5>Hosting<\/h5>\n<div class=\"flex max-w-full flex-col flex-grow\">\n<div class=\"min-h-&#091;20px&#093; text-message flex w-full flex-col items-end gap-2 break-words &#091;.text-message+&amp;&#093;:mt-5 overflow-x-auto whitespace-normal\" dir=\"auto\" data-message-author-role=\"assistant\" data-message-id=\"bb5b7b90-02aa-41c9-962e-343293251eb5\">\n<div class=\"flex w-full flex-col gap-1 empty:hidden first:pt-&#091;3px&#093;\">\n<div class=\"markdown prose w-full break-words dark:prose-invert dark\">\n<p>Unser Hosting-Service zeichnet sich durch Zuverl\u00e4ssigkeit, Geschwindigkeit, Sicherheit und vollst\u00e4ndigen Site-Schutz aus. Wir bieten regelm\u00e4\u00dfige Backups und effektiven Datenschutz, damit Sie sich keine Sorgen machen m\u00fcssen und eine hohe Leistung erzielen.<\/p>\n<\/div>\n<\/div>\n<\/div>\n<\/div>\n<\/div>\n\n\n\n\n\t\t<\/div> \n\t<\/div>\n\t<\/div> \n<\/div><\/div>\n\t\t\t<\/div> \n\t\t<\/div>\n\t<\/div> \n<\/div><\/div>\n\t\t<div id=\"fws_69dcb1daf13f1\"  data-column-margin=\"default\" data-midnight=\"dark\"  class=\"wpb_row vc_row-fluid vc_row has-row-bg-color\"  style=\"padding-top: 0px; padding-bottom: 0px; --row-bg-color: #ffffff;\"><div class=\"row-bg-wrap\" data-bg-animation=\"none\" data-bg-animation-delay=\"\" data-bg-overlay=\"false\"><div class=\"inner-wrap row-bg-layer\" ><div class=\"row-bg viewport-desktop using-bg-color\"  style=\"background-color: #ffffff; \"><\/div><\/div><\/div><div class=\"row_col_wrap_12 col span_12 dark center\">\n\t<div  class=\"vc_col-sm-12 vc_hidden-sm vc_hidden-xs wpb_column column_container vc_column_container col padding-3-percent inherit_tablet inherit_phone\"  data-border-animation=\"\" data-border-animation-delay=\"\" data-border-width=\"1px\" data-border-style=\"solid\" data-border-color=\"#efefef\" data-padding-pos=\"all\" data-has-bg-color=\"false\" data-bg-color=\"\" data-bg-opacity=\"1\" data-animation=\"\" data-delay=\"0\" >\n\t\t<div class=\"vc_column-inner\" style=\"border: 1px solid rgba(255,255,255,0); \"><span class=\"border-wrap\" style=\"border-color: #efefef;\"><span class=\"border-top\"><\/span><span class=\"border-right\"><\/span><span class=\"border-bottom\"><\/span><span class=\"border-left\"><\/span><\/span>\n\t\t\t<div class=\"wpb_wrapper\">\n\t\t\t\t<div class=\"nectar-split-heading\" data-align=\"default\" data-m-align=\"inherit\" data-text-effect=\"default\" data-animation-type=\"line-reveal-by-space\" data-animation-delay=\"0\" data-animation-offset=\"\" data-m-rm-animation=\"\" data-stagger=\"\" data-custom-font-size=\"false\" ><h1 ><\/h1><\/div>\n<div class=\"wpb_text_column wpb_content_element\" >\n\t<p>Wir sind auf die Erstellung von Showcase-, Unternehmens- und E-Commerce-Websites spezialisiert. Unsere Pr\u00e4senz liegt in den St\u00e4dten Ferrara, Bologna und Rovigo, wir sind jedoch in ganz Italien aktiv.<\/p>\n<\/div>\n\n\n\n<div class=\"divider-wrap\" data-alignment=\"default\"><div style=\"height: 20px;\" class=\"divider\"><\/div><\/div><h4 style=\"color: #bababa;text-align: center\" class=\"vc_custom_heading vc_do_custom_heading wpb_animate_when_almost_visible wpb_fadeInUpBig fadeInUpBig\" >Unsere Spezialisierungen<\/h4><div id=\"fws_69dcb1daf1ff2\" data-midnight=\"\" data-column-margin=\"default\" class=\"wpb_row vc_row-fluid vc_row inner_row\"  style=\"\"><div class=\"row-bg-wrap\"> <div class=\"row-bg\" ><\/div> <\/div><div class=\"row_col_wrap_12_inner col span_12  left\">\n\t<div  class=\"vc_col-sm-3 wpb_column column_container vc_column_container col child_column no-extra-padding inherit_tablet inherit_phone\"   data-padding-pos=\"all\" data-has-bg-color=\"false\" data-bg-color=\"\" data-bg-opacity=\"1\" data-animation=\"\" data-delay=\"0\" >\n\t\t<div class=\"vc_column-inner\" >\n\t\t<div class=\"wpb_wrapper\">\n\t\t\t<div class=\"img-with-aniamtion-wrap center\" data-max-width=\"100%\" data-max-width-mobile=\"default\" data-shadow=\"none\" data-animation=\"grow-in\" >\n      <div class=\"inner\">\n        <div class=\"hover-wrap\"> \n          <div class=\"hover-wrap-inner\">\n            <img loading=\"lazy\" decoding=\"async\" class=\"img-with-animation skip-lazy\" data-delay=\"0\" height=\"122\" width=\"144\" data-animation=\"grow-in\" src=\"https:\/\/www.digife.it\/wp-content\/uploads\/2014\/07\/google-partner-digife-siti-web-grafica-ecommerce-ferrara-bologna-rovigo.png\" alt=\"\"  \/>\n          <\/div>\n        <\/div>\n        \n      <\/div>\n    <\/div>\n\t\t<\/div> \n\t<\/div>\n\t<\/div> \n\n\t<div  class=\"vc_col-sm-3 wpb_column column_container vc_column_container col child_column no-extra-padding inherit_tablet inherit_phone\"   data-padding-pos=\"all\" data-has-bg-color=\"false\" data-bg-color=\"\" data-bg-opacity=\"1\" data-animation=\"\" data-delay=\"0\" >\n\t\t<div class=\"vc_column-inner\" >\n\t\t<div class=\"wpb_wrapper\">\n\t\t\t<div class=\"img-with-aniamtion-wrap center\" data-max-width=\"100%\" data-max-width-mobile=\"default\" data-shadow=\"none\" data-animation=\"grow-in\" >\n      <div class=\"inner\">\n        <div class=\"hover-wrap\"> \n          <div class=\"hover-wrap-inner\">\n            <img loading=\"lazy\" decoding=\"async\" class=\"img-with-animation skip-lazy\" data-delay=\"0\" height=\"122\" width=\"144\" data-animation=\"grow-in\" src=\"https:\/\/www.digife.it\/wp-content\/uploads\/2014\/07\/google-adwords-digife-siti-web-grafica-ecommerce-ferrara-bologna-rovigo.png\" alt=\"\"  \/>\n          <\/div>\n        <\/div>\n        \n      <\/div>\n    <\/div>\n\t\t<\/div> \n\t<\/div>\n\t<\/div> \n\n\t<div  class=\"vc_col-sm-3 wpb_column column_container vc_column_container col child_column no-extra-padding inherit_tablet inherit_phone\"   data-padding-pos=\"all\" data-has-bg-color=\"false\" data-bg-color=\"\" data-bg-opacity=\"1\" data-animation=\"\" data-delay=\"0\" >\n\t\t<div class=\"vc_column-inner\" >\n\t\t<div class=\"wpb_wrapper\">\n\t\t\t<div class=\"img-with-aniamtion-wrap center\" data-max-width=\"100%\" data-max-width-mobile=\"default\" data-shadow=\"none\" data-animation=\"grow-in\" >\n      <div class=\"inner\">\n        <div class=\"hover-wrap\"> \n          <div class=\"hover-wrap-inner\">\n            <img loading=\"lazy\" decoding=\"async\" class=\"img-with-animation skip-lazy\" data-delay=\"0\" height=\"122\" width=\"144\" data-animation=\"grow-in\" src=\"https:\/\/www.digife.it\/wp-content\/uploads\/2014\/07\/wmware-professional-digife-siti-web-grafica-ecommerce-ferrara-bologna-rovigo.png\" alt=\"\"  \/>\n          <\/div>\n        <\/div>\n        \n      <\/div>\n    <\/div>\n\t\t<\/div> \n\t<\/div>\n\t<\/div> \n\n\t<div  class=\"vc_col-sm-3 wpb_column column_container vc_column_container col child_column no-extra-padding inherit_tablet inherit_phone\"   data-padding-pos=\"all\" data-has-bg-color=\"false\" data-bg-color=\"\" data-bg-opacity=\"1\" data-animation=\"\" data-delay=\"0\" >\n\t\t<div class=\"vc_column-inner\" >\n\t\t<div class=\"wpb_wrapper\">\n\t\t\t<div class=\"img-with-aniamtion-wrap center\" data-max-width=\"100%\" data-max-width-mobile=\"default\" data-shadow=\"none\" data-animation=\"grow-in\" >\n      <div class=\"inner\">\n        <div class=\"hover-wrap\"> \n          <div class=\"hover-wrap-inner\">\n            <img loading=\"lazy\" decoding=\"async\" class=\"img-with-animation skip-lazy\" data-delay=\"0\" height=\"122\" width=\"144\" data-animation=\"grow-in\" src=\"https:\/\/www.digife.it\/wp-content\/uploads\/2014\/07\/adobe-certificato-digife-siti-web-grafica-ecommerce-ferrara-bologna-rovigo.png\" alt=\"\"  \/>\n          <\/div>\n        <\/div>\n        \n      <\/div>\n    <\/div>\n\t\t<\/div> \n\t<\/div>\n\t<\/div> \n<\/div><\/div>\n\t\t\t<\/div> \n\t\t<\/div>\n\t<\/div> \n<\/div><\/div>\n\t\t<div id=\"fws_69dcb1db00887\"  data-column-margin=\"default\" data-midnight=\"dark\"  class=\"wpb_row vc_row-fluid vc_row\"  style=\"padding-top: 0px; padding-bottom: 0px; \"><div class=\"row-bg-wrap\" data-bg-animation=\"none\" data-bg-animation-delay=\"\" data-bg-overlay=\"false\"><div class=\"inner-wrap row-bg-layer\" ><div class=\"row-bg viewport-desktop\"  style=\"\"><\/div><\/div><\/div><div class=\"row_col_wrap_12 col span_12 dark center\">\n\t<div  class=\"vc_col-sm-12 wpb_column column_container vc_column_container col no-extra-padding inherit_tablet inherit_phone\"  data-padding-pos=\"all\" data-has-bg-color=\"false\" data-bg-color=\"\" data-bg-opacity=\"1\" data-animation=\"\" data-delay=\"0\" >\n\t\t<div class=\"vc_column-inner\" >\n\t\t\t<div class=\"wpb_wrapper\">\n\t\t\t\t\n<div class=\"wpb_text_column wpb_content_element\" >\n\t<h2>Haben wir Sie \u00fcberzeugt?<\/h2>\n<p>Kontaktieren Sie uns jetzt!<\/p>\n<\/div>\n\n\n\n<div class=\"divider-wrap\" data-alignment=\"default\"><div style=\"height: 2vh;\" class=\"divider\"><\/div><\/div><a class=\"nectar-button medium regular accent-color  regular-button\"  role=\"button\" style=\"\"  href=\"\/de\/kontakte\/\" data-color-override=\"false\" data-hover-color-override=\"false\" data-hover-text-color-override=\"#fff\"><span>Kontaktiere uns<\/span><\/a>\n\t\t\t<\/div> \n\t\t<\/div>\n\t<\/div> \n<\/div><\/div>","protected":false},"excerpt":{"rendered":"DigiFe Realizzazione Siti Web Modena e provincia Il nostro impegno non si limita a creare siti web visivamente gradevoli, ma anche a renderli funzionali e comunicativi, in grado di riflettere...","protected":false},"author":4,"featured_media":0,"parent":0,"menu_order":0,"comment_status":"closed","ping_status":"closed","template":"","meta":{"footnotes":""},"class_list":["post-33797","page","type-page","status-publish"],"_links":{"self":[{"href":"https:\/\/www.digife.it\/de\/wp-json\/wp\/v2\/pages\/33797","targetHints":{"allow":["GET"]}}],"collection":[{"href":"https:\/\/www.digife.it\/de\/wp-json\/wp\/v2\/pages"}],"about":[{"href":"https:\/\/www.digife.it\/de\/wp-json\/wp\/v2\/types\/page"}],"author":[{"embeddable":true,"href":"https:\/\/www.digife.it\/de\/wp-json\/wp\/v2\/users\/4"}],"replies":[{"embeddable":true,"href":"https:\/\/www.digife.it\/de\/wp-json\/wp\/v2\/comments?post=33797"}],"version-history":[{"count":2,"href":"https:\/\/www.digife.it\/de\/wp-json\/wp\/v2\/pages\/33797\/revisions"}],"predecessor-version":[{"id":33799,"href":"https:\/\/www.digife.it\/de\/wp-json\/wp\/v2\/pages\/33797\/revisions\/33799"}],"wp:attachment":[{"href":"https:\/\/www.digife.it\/de\/wp-json\/wp\/v2\/media?parent=33797"}],"curies":[{"name":"wp","href":"https:\/\/api.w.org\/{rel}","templated":true}]}}