{"id":31022,"date":"2020-07-21T15:25:13","date_gmt":"2020-07-21T15:25:13","guid":{"rendered":"https:\/\/www.digife.it\/?page_id=31022"},"modified":"2020-07-21T15:25:37","modified_gmt":"2020-07-21T15:25:37","slug":"web-agentur-ferrara","status":"publish","type":"page","link":"https:\/\/www.digife.it\/de\/web-agentur-ferrara\/","title":{"rendered":"Internetagentur Ferrara"},"content":{"rendered":"<h2>Internetagentur Ferrara<\/h2>\n<p>Unser Team in Ferrara hilft Aktivit\u00e4ten und Unternehmen bei der Digitalisierung, damit sie die neuen M\u00f6glichkeiten, die sich t\u00e4glich im Internet bieten, optimal nutzen k\u00f6nnen.Wir bieten einen 360\u00b0-Beratungsservice: Website-Erstellung, Werbegrafik, Videos, E-Commerce und dedizierte Software<\/p>\n<h4>Qualit\u00e4t, Ausf\u00fchrungsgeschwindigkeit und Transparenz sind die Werte unserer Webagentur in Ferrara<\/h4>\n<h2>Webagentur und Synergie<\/h2>\n<p>Wir arbeiten in Synergie: Jedes Mitglied des Digife-Teams ist auf ein anderes Gebiet spezialisiert, und dies ist ein starker Mehrwert f\u00fcr uns, da jedes unserer Projekte nicht nur ein breiteres Leistungsspektrum bietet, sondern auch gr\u00fcndlich untersucht, vorbereitet und durchgef\u00fchrt wird aus mehreren Blickwinkeln analysiert, um das Ziel zu erreichen.<br \/>\nSchauen Sie sich alle unsere Dienstleistungen an: Wir sind sicher, Ihnen dabei zu helfen, Ihre Idee im Web zu verwirklichen und erfolgreich zu machen!<\/p>\n<h2 class=\"vc_custom_heading\">E-COMMERCE<\/h2>\n<p class=\"vc_custom_heading\">Unsere Agentur ist spezialisiert auf die Entwicklung von E-Commerce-Projekten mit verschiedenen Technologien. Ein E-Commerce muss Ihre Produkte und Dienstleistungen verkaufen, indem er sie auf einfache und unmittelbare Weise pr\u00e4sentiert. Sobald die Entwicklung abgeschlossen ist, k\u00f6nnen wir Ihnen f\u00fcr das gesamte Marketingprojekt folgen und Strategien f\u00fcr Ihr Unternehmen entwickeln<\/p>\n<p><span class=\"port-page\">Rausfinden<strong>\u00a0<a href=\"https:\/\/www.digife.it\/de\/dienstleistungen\/\" target=\"_blank\" rel=\"noopener noreferrer\">die von unserer Webagentur in Ferrara angebotenen Dienstleistungen<\/a><\/strong><\/span>.<\/p>","protected":false},"excerpt":{"rendered":"<p>Web agency ferrara Il nostro team a Ferrara aiuta le attivit\u00e0 e le imprese a digitalizzarsi, affinch\u00e9 possano sfruttare al meglio le nuove opportunit\u00e0 che ogni giorno si presentano in&#8230;<\/p>","protected":false},"author":1,"featured_media":0,"parent":0,"menu_order":5,"comment_status":"closed","ping_status":"closed","template":"","meta":{"footnotes":""},"class_list":["post-31022","page","type-page","status-publish"],"_links":{"self":[{"href":"https:\/\/www.digife.it\/de\/wp-json\/wp\/v2\/pages\/31022","targetHints":{"allow":["GET"]}}],"collection":[{"href":"https:\/\/www.digife.it\/de\/wp-json\/wp\/v2\/pages"}],"about":[{"href":"https:\/\/www.digife.it\/de\/wp-json\/wp\/v2\/types\/page"}],"author":[{"embeddable":true,"href":"https:\/\/www.digife.it\/de\/wp-json\/wp\/v2\/users\/1"}],"replies":[{"embeddable":true,"href":"https:\/\/www.digife.it\/de\/wp-json\/wp\/v2\/comments?post=31022"}],"version-history":[{"count":0,"href":"https:\/\/www.digife.it\/de\/wp-json\/wp\/v2\/pages\/31022\/revisions"}],"wp:attachment":[{"href":"https:\/\/www.digife.it\/de\/wp-json\/wp\/v2\/media?parent=31022"}],"curies":[{"name":"wp","href":"https:\/\/api.w.org\/{rel}","templated":true}]}}