{"id":27880,"date":"2017-07-21T07:43:47","date_gmt":"2017-07-21T07:43:47","guid":{"rendered":"http:\/\/www.digife.it\/?page_id=27880"},"modified":"2017-08-07T07:39:38","modified_gmt":"2017-08-07T07:39:38","slug":"leitfaden-newsletter-mailer","status":"publish","type":"page","link":"https:\/\/www.digife.it\/de\/leitfaden-newsletter-mailer\/","title":{"rendered":"Leitfaden Newslettersailer"},"content":{"rendered":"<div id=\"fws_69d02a4fa547f\"  data-column-margin=\"default\" data-midnight=\"light\" data-top-percent=\"15%\" data-bottom-percent=\"15%\"  class=\"wpb_row vc_row-fluid vc_row full-width-section has-row-bg-color vc_row-o-equal-height vc_row-flex vc_row-o-content-middle\"  style=\"padding-top: calc(100vw * 0.15); padding-bottom: calc(100vw * 0.15); --row-bg-color: #1e1e1e;\"><div class=\"row-bg-wrap\" data-bg-animation=\"none\" data-bg-animation-delay=\"\" data-bg-overlay=\"true\"><div class=\"inner-wrap row-bg-layer using-image\" ><div class=\"row-bg viewport-desktop using-image using-bg-color\"  style=\"background-image: url(https:\/\/source.unsplash.com\/daily?mountain); background-position: left top; background-repeat: no-repeat; background-color: #1e1e1e; \"><\/div><\/div><div class=\"row-bg-overlay row-bg-layer\" style=\"background-color:#242838;  opacity: 0.95; \"><\/div><\/div><div class=\"row_col_wrap_12 col span_12 light left\">\n\t<div  class=\"vc_col-sm-12 wpb_column column_container vc_column_container col no-extra-padding\"  data-padding-pos=\"all\" data-has-bg-color=\"false\" data-bg-color=\"\" data-bg-opacity=\"1\" data-animation=\"\" data-delay=\"0\" >\n\t\t<div class=\"vc_column-inner\" >\n\t\t\t<div class=\"wpb_wrapper\">\n\t\t\t\t<div id=\"fws_69d02a4fa5cbe\" data-midnight=\"\" data-column-margin=\"default\" class=\"wpb_row vc_row-fluid vc_row inner_row\"  style=\"padding-bottom: 30px; \"><div class=\"row-bg-wrap\"> <div class=\"row-bg\" ><\/div> <\/div><div class=\"row_col_wrap_12_inner col span_12  left\">\n\t<div  class=\"vc_col-sm-2 wpb_column column_container vc_column_container col child_column no-extra-padding\"   data-padding-pos=\"all\" data-has-bg-color=\"false\" data-bg-color=\"\" data-bg-opacity=\"1\" data-animation=\"\" data-delay=\"0\" >\n\t\t<div class=\"vc_column-inner\" >\n\t\t<div class=\"wpb_wrapper\">\n\t\t\t\n\t\t<\/div> \n\t<\/div>\n\t<\/div> \n\n\t<div  class=\"vc_col-sm-8 wpb_column column_container vc_column_container col child_column padding-2-percent\"   data-padding-pos=\"left-right\" data-has-bg-color=\"false\" data-bg-color=\"\" data-bg-opacity=\"1\" data-animation=\"\" data-delay=\"0\" >\n\t\t<div class=\"vc_column-inner\" >\n\t\t<div class=\"wpb_wrapper\">\n\t\t\t<h2 style=\"font-size: 52px;line-height: 52px;text-align: center\" class=\"vc_custom_heading vc_do_custom_heading\" >So melden Sie sich an<\/h2>\n\t\t<\/div> \n\t<\/div>\n\t<\/div> \n\n\t<div  class=\"vc_col-sm-2 wpb_column column_container vc_column_container col child_column no-extra-padding\"   data-padding-pos=\"all\" data-has-bg-color=\"false\" data-bg-color=\"\" data-bg-opacity=\"1\" data-animation=\"\" data-delay=\"0\" >\n\t\t<div class=\"vc_column-inner\" >\n\t\t<div class=\"wpb_wrapper\">\n\t\t\t\n\t\t<\/div> \n\t<\/div>\n\t<\/div> \n<\/div><\/div><div id=\"fws_69d02a4fa6bcd\" data-midnight=\"\" data-column-margin=\"default\" class=\"wpb_row vc_row-fluid vc_row inner_row\"  style=\"\"><div class=\"row-bg-wrap\"> <div class=\"row-bg\" ><\/div> <\/div><div class=\"row_col_wrap_12_inner col span_12  left\">\n\t<div  class=\"vc_col-sm-2 wpb_column column_container vc_column_container col child_column no-extra-padding\"   data-padding-pos=\"all\" data-has-bg-color=\"false\" data-bg-color=\"\" data-bg-opacity=\"1\" data-animation=\"\" data-delay=\"0\" >\n\t\t<div class=\"vc_column-inner\" >\n\t\t<div class=\"wpb_wrapper\">\n\t\t\t\n\t\t<\/div> \n\t<\/div>\n\t<\/div> \n\n\t<div  class=\"vc_col-sm-8 wpb_column column_container vc_column_container col child_column centered-text has-animation padding-1-percent\"   data-padding-pos=\"left-right\" data-has-bg-color=\"false\" data-bg-color=\"\" data-bg-opacity=\"1\" data-animation=\"grow-in\" data-delay=\"0\" >\n\t\t<div class=\"vc_column-inner\" >\n\t\t<div class=\"wpb_wrapper\">\n\t\t\t<div class=\"nectar-video-box\" data-color=\"default-accent-color\"  data-play-button-size=\"default\" data-border-radius=\"none\" data-hover=\"zoom_button\" data-shadow=\"none\"><div class=\"inner-wrap\"><a href=\"https:\/\/www.youtube.com\/watch?v=us4GlvSlWBU\" class=\"full-link pp\" target=\"_blank\" rel=\"noopener\"><span class=\"screen-reader-text\">Video abspielen<\/span><\/a><img loading=\"lazy\" decoding=\"async\" width=\"800\" height=\"396\" src=\"https:\/\/www.digife.it\/wp-content\/uploads\/2017\/07\/cover-iphone-newsletter-digife.png\" class=\"attachment-full size-full\" alt=\"\" srcset=\"https:\/\/www.digife.it\/wp-content\/uploads\/2017\/07\/cover-iphone-newsletter-digife.png 800w, https:\/\/www.digife.it\/wp-content\/uploads\/2017\/07\/cover-iphone-newsletter-digife-300x149.png 300w, https:\/\/www.digife.it\/wp-content\/uploads\/2017\/07\/cover-iphone-newsletter-digife-768x380.png 768w\" sizes=\"auto, (max-width: 800px) 100vw, 800px\" \/><a href=\"https:\/\/www.youtube.com\/watch?v=us4GlvSlWBU\" data-style=\"default\" data-parent-hover=\"\" data-font-style=\"p\" data-color=\"default\" class=\"play_button_2 large nectar_video_lightbox pp\" target=\"_blank\" rel=\"noopener\"><span><span class=\"screen-reader-text\">Video abspielen<\/span><span class=\"play\"><span class=\"inner-wrap inner\"><svg role=\"none\" version=\"1.1\"\n\t xmlns=\"http:\/\/www.w3.org\/2000\/svg\" xmlns:xlink=\"http:\/\/www.w3.org\/1999\/xlink\" width=\"600px\" height=\"800px\" x=\"0px\" y=\"0px\" viewbox=\"0 0 600 800\" enable-background=\"new 0 0 600 800\" xml:space=\"preserve\"><path fill=\"none\" d=\"M0-1.79v800L600,395L0-1.79z\"><\/path> <\/svg><\/span><\/span><\/span><\/a><\/div><\/div>\n\t\t<\/div> \n\t<\/div>\n\t<\/div> \n\n\t<div  class=\"vc_col-sm-2 wpb_column column_container vc_column_container col child_column no-extra-padding\"   data-padding-pos=\"all\" data-has-bg-color=\"false\" data-bg-color=\"\" data-bg-opacity=\"1\" data-animation=\"\" data-delay=\"0\" >\n\t\t<div class=\"vc_column-inner\" >\n\t\t<div class=\"wpb_wrapper\">\n\t\t\t\n\t\t<\/div> \n\t<\/div>\n\t<\/div> \n<\/div><\/div><div id=\"fws_69d02a4fa7db2\" data-midnight=\"\" data-column-margin=\"default\" class=\"wpb_row vc_row-fluid vc_row inner_row\"  style=\"padding-top: 60px; \"><div class=\"row-bg-wrap\"> <div class=\"row-bg\" ><\/div> <\/div><div class=\"row_col_wrap_12_inner col span_12  left\">\n\t<div  class=\"vc_col-sm-4 wpb_column column_container vc_column_container col child_column padding-2-percent\"   data-padding-pos=\"top-bottom\" data-has-bg-color=\"false\" data-bg-color=\"\" data-bg-opacity=\"1\" data-animation=\"\" data-delay=\"0\" >\n\t\t<div class=\"vc_column-inner\" >\n\t\t<div class=\"wpb_wrapper\">\n\t\t\t\n<div class=\"wpb_text_column wpb_content_element  wpb_animate_when_almost_visible wpb_fadeInUp fadeInUp vc_custom_1500632316651\" >\n\t<h5>Leicht<\/h5>\n<\/div>\n\n\n\n<p style=\"color: rgba(255,255,255,0.7);text-align: left\" class=\"vc_custom_heading vc_do_custom_heading wpb_animate_when_almost_visible wpb_fadeInUp fadeInUp vc_custom_1500632819382\" >Sie k\u00f6nnen personalisierte E-Mails erstellen, ohne HTML-Kenntnisse zu haben<\/p>\n\t\t<\/div> \n\t<\/div>\n\t<\/div> \n\n\t<div  class=\"vc_col-sm-4 wpb_column column_container vc_column_container col child_column padding-2-percent\"   data-padding-pos=\"top-bottom\" data-has-bg-color=\"false\" data-bg-color=\"\" data-bg-opacity=\"1\" data-animation=\"\" data-delay=\"0\" >\n\t\t<div class=\"vc_column-inner\" >\n\t\t<div class=\"wpb_wrapper\">\n\t\t\t\n<div class=\"wpb_text_column wpb_content_element  wpb_animate_when_almost_visible wpb_fadeInUp fadeInUp vc_custom_1500632303848\" >\n\t<h5>Personalisiert<\/h5>\n<\/div>\n\n\n\n<p style=\"color: rgba(255,255,255,0.7);text-align: left\" class=\"vc_custom_heading vc_do_custom_heading wpb_animate_when_almost_visible wpb_fadeInUp fadeInUp vc_custom_1500632260774\" >Passen Sie das Aussehen Ihrer E-Mail mit einfach zu bearbeitenden Formularen an.<\/p>\n\t\t<\/div> \n\t<\/div>\n\t<\/div> \n\n\t<div  class=\"vc_col-sm-4 wpb_column column_container vc_column_container col child_column padding-2-percent\"   data-padding-pos=\"top-bottom\" data-has-bg-color=\"false\" data-bg-color=\"\" data-bg-opacity=\"1\" data-animation=\"\" data-delay=\"0\" >\n\t\t<div class=\"vc_column-inner\" >\n\t\t<div class=\"wpb_wrapper\">\n\t\t\t\n<div class=\"wpb_text_column wpb_content_element  wpb_animate_when_almost_visible wpb_fadeInUp fadeInUp vc_custom_1500632286411\" >\n\t<h5>Analyse der Ergebnisse<\/h5>\n<\/div>\n\n\n\n<p style=\"color: rgba(255,255,255,0.7);text-align: left\" class=\"vc_custom_heading vc_do_custom_heading wpb_animate_when_almost_visible wpb_fadeInUp fadeInUp vc_custom_1500632275177\" >\u00dcberpr\u00fcfen Sie die Statistiken, sehen Sie, wer ge\u00f6ffnet hat und woran sie interessiert waren, um den Inhalt und das Erscheinungsbild Ihrer E-Mails zu verbessern.<\/p>\n\t\t<\/div> \n\t<\/div>\n\t<\/div> \n<\/div><\/div><div id=\"fws_69d02a4fa918f\" data-midnight=\"\" data-column-margin=\"default\" class=\"wpb_row vc_row-fluid vc_row inner_row\"  style=\"\"><div class=\"row-bg-wrap\"> <div class=\"row-bg\" ><\/div> <\/div><div class=\"row_col_wrap_12_inner col span_12  left\">\n\t<div  class=\"vc_col-sm-3 wpb_column column_container vc_column_container col child_column no-extra-padding\"   data-padding-pos=\"all\" data-has-bg-color=\"false\" data-bg-color=\"\" data-bg-opacity=\"1\" data-animation=\"\" data-delay=\"0\" >\n\t\t<div class=\"vc_column-inner\" >\n\t\t<div class=\"wpb_wrapper\">\n\t\t\t\n<div class=\"wpb_text_column wpb_content_element  wpb_animate_when_almost_visible wpb_fadeInUp fadeInUp vc_custom_1500632669040\" >\n\t<h5>Listenerstellung<\/h5>\n<\/div>\n\n\n\n<div class=\"nectar-video-box\" data-color=\"default-accent-color\"  data-play-button-size=\"default\" data-border-radius=\"none\" data-hover=\"zoom_button\" data-shadow=\"none\"><div class=\"inner-wrap\"><a href=\"https:\/\/www.youtube.com\/watch?v=ND1yhadJOFw\" class=\"full-link pp\" target=\"_blank\" rel=\"noopener\"><span class=\"screen-reader-text\">Video abspielen<\/span><\/a><img loading=\"lazy\" decoding=\"async\" width=\"800\" height=\"396\" src=\"https:\/\/www.digife.it\/wp-content\/uploads\/2017\/07\/cover-iphone-newsletter-digife.png\" class=\"attachment-full size-full\" alt=\"\" srcset=\"https:\/\/www.digife.it\/wp-content\/uploads\/2017\/07\/cover-iphone-newsletter-digife.png 800w, https:\/\/www.digife.it\/wp-content\/uploads\/2017\/07\/cover-iphone-newsletter-digife-300x149.png 300w, https:\/\/www.digife.it\/wp-content\/uploads\/2017\/07\/cover-iphone-newsletter-digife-768x380.png 768w\" sizes=\"auto, (max-width: 800px) 100vw, 800px\" \/><a href=\"https:\/\/www.youtube.com\/watch?v=ND1yhadJOFw\" data-style=\"default\" data-parent-hover=\"\" data-font-style=\"p\" data-color=\"default\" class=\"play_button_2 large nectar_video_lightbox pp\" target=\"_blank\" rel=\"noopener\"><span><span class=\"screen-reader-text\">Video abspielen<\/span><span class=\"play\"><span class=\"inner-wrap inner\"><svg role=\"none\" version=\"1.1\"\n\t xmlns=\"http:\/\/www.w3.org\/2000\/svg\" xmlns:xlink=\"http:\/\/www.w3.org\/1999\/xlink\" width=\"600px\" height=\"800px\" x=\"0px\" y=\"0px\" viewbox=\"0 0 600 800\" enable-background=\"new 0 0 600 800\" xml:space=\"preserve\"><path fill=\"none\" d=\"M0-1.79v800L600,395L0-1.79z\"><\/path> <\/svg><\/span><\/span><\/span><\/a><\/div><\/div>\n\t\t<\/div> \n\t<\/div>\n\t<\/div> \n\n\t<div  class=\"vc_col-sm-3 wpb_column column_container vc_column_container col child_column no-extra-padding\"   data-padding-pos=\"all\" data-has-bg-color=\"false\" data-bg-color=\"\" data-bg-opacity=\"1\" data-animation=\"\" data-delay=\"0\" >\n\t\t<div class=\"vc_column-inner\" >\n\t\t<div class=\"wpb_wrapper\">\n\t\t\t\n<div class=\"wpb_text_column wpb_content_element  wpb_animate_when_almost_visible wpb_fadeInUp fadeInUp vc_custom_1500632678537\" >\n\t<h5>Eingeben<\/h5>\n<\/div>\n\n\n\n<div class=\"nectar-video-box\" data-color=\"default-accent-color\"  data-play-button-size=\"default\" data-border-radius=\"none\" data-hover=\"zoom_button\" data-shadow=\"none\"><div class=\"inner-wrap\"><a href=\"https:\/\/www.youtube.com\/watch?v=Z7FAo7UbTVc\" class=\"full-link pp\" target=\"_blank\" rel=\"noopener\"><span class=\"screen-reader-text\">Video abspielen<\/span><\/a><img loading=\"lazy\" decoding=\"async\" width=\"800\" height=\"396\" src=\"https:\/\/www.digife.it\/wp-content\/uploads\/2017\/07\/cover-iphone-newsletter-digife.png\" class=\"attachment-full size-full\" alt=\"\" srcset=\"https:\/\/www.digife.it\/wp-content\/uploads\/2017\/07\/cover-iphone-newsletter-digife.png 800w, https:\/\/www.digife.it\/wp-content\/uploads\/2017\/07\/cover-iphone-newsletter-digife-300x149.png 300w, https:\/\/www.digife.it\/wp-content\/uploads\/2017\/07\/cover-iphone-newsletter-digife-768x380.png 768w\" sizes=\"auto, (max-width: 800px) 100vw, 800px\" \/><a href=\"https:\/\/www.youtube.com\/watch?v=Z7FAo7UbTVc\" data-style=\"default\" data-parent-hover=\"\" data-font-style=\"p\" data-color=\"default\" class=\"play_button_2 large nectar_video_lightbox pp\" target=\"_blank\" rel=\"noopener\"><span><span class=\"screen-reader-text\">Video abspielen<\/span><span class=\"play\"><span class=\"inner-wrap inner\"><svg role=\"none\" version=\"1.1\"\n\t xmlns=\"http:\/\/www.w3.org\/2000\/svg\" xmlns:xlink=\"http:\/\/www.w3.org\/1999\/xlink\" width=\"600px\" height=\"800px\" x=\"0px\" y=\"0px\" viewbox=\"0 0 600 800\" enable-background=\"new 0 0 600 800\" xml:space=\"preserve\"><path fill=\"none\" d=\"M0-1.79v800L600,395L0-1.79z\"><\/path> <\/svg><\/span><\/span><\/span><\/a><\/div><\/div>\n\t\t<\/div> \n\t<\/div>\n\t<\/div> \n\n\t<div  class=\"vc_col-sm-3 wpb_column column_container vc_column_container col child_column no-extra-padding\"   data-padding-pos=\"all\" data-has-bg-color=\"false\" data-bg-color=\"\" data-bg-opacity=\"1\" data-animation=\"\" data-delay=\"0\" >\n\t\t<div class=\"vc_column-inner\" >\n\t\t<div class=\"wpb_wrapper\">\n\t\t\t\n<div class=\"wpb_text_column wpb_content_element  wpb_animate_when_almost_visible wpb_fadeInUp fadeInUp vc_custom_1500632688954\" >\n\t<h5>Kaufen<\/h5>\n<\/div>\n\n\n\n<div class=\"nectar-video-box\" data-color=\"default-accent-color\"  data-play-button-size=\"default\" data-border-radius=\"none\" data-hover=\"zoom_button\" data-shadow=\"none\"><div class=\"inner-wrap\"><a href=\"https:\/\/www.youtube.com\/watch?v=4Vqe9lGTuL8\" class=\"full-link pp\" target=\"_blank\" rel=\"noopener\"><span class=\"screen-reader-text\">Video abspielen<\/span><\/a><img loading=\"lazy\" decoding=\"async\" width=\"800\" height=\"396\" src=\"https:\/\/www.digife.it\/wp-content\/uploads\/2017\/07\/cover-iphone-newsletter-digife.png\" class=\"attachment-full size-full\" alt=\"\" srcset=\"https:\/\/www.digife.it\/wp-content\/uploads\/2017\/07\/cover-iphone-newsletter-digife.png 800w, https:\/\/www.digife.it\/wp-content\/uploads\/2017\/07\/cover-iphone-newsletter-digife-300x149.png 300w, https:\/\/www.digife.it\/wp-content\/uploads\/2017\/07\/cover-iphone-newsletter-digife-768x380.png 768w\" sizes=\"auto, (max-width: 800px) 100vw, 800px\" \/><a href=\"https:\/\/www.youtube.com\/watch?v=4Vqe9lGTuL8\" data-style=\"default\" data-parent-hover=\"\" data-font-style=\"p\" data-color=\"default\" class=\"play_button_2 large nectar_video_lightbox pp\" target=\"_blank\" rel=\"noopener\"><span><span class=\"screen-reader-text\">Video abspielen<\/span><span class=\"play\"><span class=\"inner-wrap inner\"><svg role=\"none\" version=\"1.1\"\n\t xmlns=\"http:\/\/www.w3.org\/2000\/svg\" xmlns:xlink=\"http:\/\/www.w3.org\/1999\/xlink\" width=\"600px\" height=\"800px\" x=\"0px\" y=\"0px\" viewbox=\"0 0 600 800\" enable-background=\"new 0 0 600 800\" xml:space=\"preserve\"><path fill=\"none\" d=\"M0-1.79v800L600,395L0-1.79z\"><\/path> <\/svg><\/span><\/span><\/span><\/a><\/div><\/div>\n\t\t<\/div> \n\t<\/div>\n\t<\/div> \n\n\t<div  class=\"vc_col-sm-3 wpb_column column_container vc_column_container col child_column no-extra-padding\"   data-padding-pos=\"all\" data-has-bg-color=\"false\" data-bg-color=\"\" data-bg-opacity=\"1\" data-animation=\"\" data-delay=\"0\" >\n\t\t<div class=\"vc_column-inner\" >\n\t\t<div class=\"wpb_wrapper\">\n\t\t\t\n<div class=\"wpb_text_column wpb_content_element  wpb_animate_when_almost_visible wpb_fadeInUp fadeInUp vc_custom_1500632699169\" >\n\t<h5>Schablone<\/h5>\n<\/div>\n\n\n\n<div class=\"nectar-video-box\" data-color=\"default-accent-color\"  data-play-button-size=\"default\" data-border-radius=\"none\" data-hover=\"zoom_button\" data-shadow=\"none\"><div class=\"inner-wrap\"><a href=\"https:\/\/www.youtube.com\/watch?v=sX_SS-PT4BQ\" class=\"full-link pp\" target=\"_blank\" rel=\"noopener\"><span class=\"screen-reader-text\">Video abspielen<\/span><\/a><img loading=\"lazy\" decoding=\"async\" width=\"800\" height=\"396\" src=\"https:\/\/www.digife.it\/wp-content\/uploads\/2017\/07\/cover-iphone-newsletter-digife.png\" class=\"attachment-full size-full\" alt=\"\" srcset=\"https:\/\/www.digife.it\/wp-content\/uploads\/2017\/07\/cover-iphone-newsletter-digife.png 800w, https:\/\/www.digife.it\/wp-content\/uploads\/2017\/07\/cover-iphone-newsletter-digife-300x149.png 300w, https:\/\/www.digife.it\/wp-content\/uploads\/2017\/07\/cover-iphone-newsletter-digife-768x380.png 768w\" sizes=\"auto, (max-width: 800px) 100vw, 800px\" \/><a href=\"https:\/\/www.youtube.com\/watch?v=sX_SS-PT4BQ\" data-style=\"default\" data-parent-hover=\"\" data-font-style=\"p\" data-color=\"default\" class=\"play_button_2 large nectar_video_lightbox pp\" target=\"_blank\" rel=\"noopener\"><span><span class=\"screen-reader-text\">Video abspielen<\/span><span class=\"play\"><span class=\"inner-wrap inner\"><svg role=\"none\" version=\"1.1\"\n\t xmlns=\"http:\/\/www.w3.org\/2000\/svg\" xmlns:xlink=\"http:\/\/www.w3.org\/1999\/xlink\" width=\"600px\" height=\"800px\" x=\"0px\" y=\"0px\" viewbox=\"0 0 600 800\" enable-background=\"new 0 0 600 800\" xml:space=\"preserve\"><path fill=\"none\" d=\"M0-1.79v800L600,395L0-1.79z\"><\/path> <\/svg><\/span><\/span><\/span><\/a><\/div><\/div>\n\t\t<\/div> \n\t<\/div>\n\t<\/div> \n<\/div><\/div>\n\t\t\t<\/div> \n\t\t<\/div>\n\t<\/div> \n<\/div><\/div>","protected":false},"excerpt":{"rendered":"So registrieren Sie sich Video abspielen Video abspielen Einfach Sie k\u00f6nnen personalisierte E-Mails ohne HTML-Kenntnisse erstellen Personalisiert Passen Sie das Aussehen Ihrer E-Mail mit einfachen Formularen nach Ihren W\u00fcnschen an...","protected":false},"author":1,"featured_media":0,"parent":0,"menu_order":22,"comment_status":"closed","ping_status":"closed","template":"","meta":{"footnotes":""},"class_list":["post-27880","page","type-page","status-publish"],"_links":{"self":[{"href":"https:\/\/www.digife.it\/de\/wp-json\/wp\/v2\/pages\/27880","targetHints":{"allow":["GET"]}}],"collection":[{"href":"https:\/\/www.digife.it\/de\/wp-json\/wp\/v2\/pages"}],"about":[{"href":"https:\/\/www.digife.it\/de\/wp-json\/wp\/v2\/types\/page"}],"author":[{"embeddable":true,"href":"https:\/\/www.digife.it\/de\/wp-json\/wp\/v2\/users\/1"}],"replies":[{"embeddable":true,"href":"https:\/\/www.digife.it\/de\/wp-json\/wp\/v2\/comments?post=27880"}],"version-history":[{"count":0,"href":"https:\/\/www.digife.it\/de\/wp-json\/wp\/v2\/pages\/27880\/revisions"}],"wp:attachment":[{"href":"https:\/\/www.digife.it\/de\/wp-json\/wp\/v2\/media?parent=27880"}],"curies":[{"name":"wp","href":"https:\/\/api.w.org\/{rel}","templated":true}]}}