{"id":27631,"date":"2017-07-13T09:09:56","date_gmt":"2017-07-13T09:09:56","guid":{"rendered":"http:\/\/www.digife.it\/?page_id=27631"},"modified":"2017-07-20T14:42:14","modified_gmt":"2017-07-20T14:42:14","slug":"kundenbereich","status":"publish","type":"page","link":"https:\/\/www.digife.it\/de\/kundenbereich\/","title":{"rendered":"Kundenbereich"},"content":{"rendered":"<div id=\"services\"  data-column-margin=\"default\" data-midnight=\"dark\" data-top-percent=\"5%\" data-bottom-percent=\"5%\"  class=\"wpb_row vc_row-fluid vc_row full-width-content has-row-bg-color vc_row-o-equal-height vc_row-flex vc_row-o-content-middle\"  style=\"padding-top: calc(100vw * 0.05); padding-bottom: calc(100vw * 0.05); --row-bg-color: #f9f7f5;\"><div class=\"row-bg-wrap\" data-bg-animation=\"none\" data-bg-animation-delay=\"\" data-bg-overlay=\"false\"><div class=\"inner-wrap row-bg-layer\" ><div class=\"row-bg viewport-desktop using-bg-color\"  style=\"background-color: #f9f7f5; \"><\/div><\/div><\/div><div class=\"row_col_wrap_12 col span_12 dark left\">\n\t<div  class=\"vc_col-sm-2 vc_hidden-md vc_hidden-sm vc_hidden-xs wpb_column column_container vc_column_container col no-extra-padding\"  data-padding-pos=\"all\" data-has-bg-color=\"false\" data-bg-color=\"\" data-bg-opacity=\"1\" data-animation=\"\" data-delay=\"0\" >\n\t\t<div class=\"vc_column-inner\" >\n\t\t\t<div class=\"wpb_wrapper\">\n\t\t\t\t\n\t\t\t<\/div> \n\t\t<\/div>\n\t<\/div> \n\n\t<div  class=\"vc_col-sm-8 wpb_column column_container vc_column_container col no-extra-padding\"  data-padding-pos=\"all\" data-has-bg-color=\"false\" data-bg-color=\"\" data-bg-opacity=\"1\" data-animation=\"\" data-delay=\"0\" >\n\t\t<div class=\"vc_column-inner\" >\n\t\t\t<div class=\"wpb_wrapper\">\n\t\t\t\t<div class=\"divider-wrap\" data-alignment=\"default\"><div style=\"height: 20px;\" class=\"divider\"><\/div><\/div><h3 style=\"color: #005698;text-align: center\" class=\"vc_custom_heading vc_do_custom_heading\" >KUNDENBEREICH<\/h3>\n<div class=\"wpb_text_column wpb_content_element\" >\n\t<p style=\"text-align: center;\">In diesem Bereich k\u00f6nnen Sie ein Ticket einreichen oder Support anfordern. Dort finden Sie auch Anleitungen und Benutzerhandb\u00fccher<\/p>\n<\/div>\n\n\n\n<div class=\"divider-wrap\" data-alignment=\"default\"><div style=\"height: 20px;\" class=\"divider\"><\/div><\/div><div id=\"fws_69cffe98f40ab\" data-midnight=\"\" data-column-margin=\"default\" class=\"wpb_row vc_row-fluid vc_row inner_row\"  style=\"\"><div class=\"row-bg-wrap\"> <div class=\"row-bg\" ><\/div> <\/div><div class=\"row_col_wrap_12_inner col span_12  left\">\n\t<div  class=\"vc_col-sm-6 wpb_column column_container vc_column_container col child_column padding-5-percent\"   data-padding-pos=\"all\" data-has-bg-color=\"false\" data-bg-color=\"\" data-bg-opacity=\"1\" data-animation=\"\" data-delay=\"0\" >\n\t\t<div class=\"vc_column-inner\" >\n\t\t<div class=\"wpb_wrapper\">\n\t\t\t<div class=\"nectar-flip-box\" data-min-height=\"400\" data-flip-direction=\"horizontal-to-left\" data-h_text_align=\"center\" data-v_text_align=\"center\"><div class=\"flip-box-front\"  data-bg-overlay=\"true\" data-text-color=\"light\" style=\"background-image: url('https:\/\/www.digife.it\/wp-content\/uploads\/2016\/06\/header-digife-siti-web-ferrara.jpg'); background-color: #000000; min-height: 400px;\"> <div class=\"inner\"><span class=\"im-icon-wrap\" data-color=\"accent-color\"><span><svg role=\"presentation\" version=\"1.1\" xmlns=\"http:\/\/www.w3.org\/2000\/svg\" width=\"60\" height=\"60\" viewbox=\"0 0 32 32\">\n        <path d=\"M31.333 25.335h-30.667c-0.368 0-0.667-0.299-0.667-0.667v-3.951c0-0.185 0.077-0.361 0.212-0.487 0.135-0.127 0.316-0.195 0.5-0.179l0.183 0.021c0.007 0 0.015 0 0.023 0 2.345 0 4.167-1.827 4.167-4.072 0-2.251-1.832-4.084-4.084-4.084l-0.287 0.031c-0.185 0.021-0.367-0.052-0.5-0.179-0.136-0.125-0.213-0.304-0.213-0.487v-3.951c0-0.368 0.299-0.667 0.667-0.667h30.667c0.369 0 0.667 0.299 0.667 0.667v3.917c0 0.367-0.297 0.667-0.667 0.667-2.251 0-4.084 1.831-4.084 4.084 0 2.252 1.833 4.084 4.084 4.084 0.369 0 0.667 0.301 0.667 0.667v3.917c0 0.368-0.3 0.667-0.667 0.667zM1.333 24.001h29.333v-2.624c-2.675-0.329-4.751-2.615-4.751-5.376s2.076-5.047 4.751-5.376v-2.624h-29.333v2.593c2.832 0.172 5.084 2.528 5.084 5.407s-2.251 5.235-5.084 5.407v2.593zM16 23.335c-4.044 0-7.333-3.291-7.333-7.333s3.289-7.333 7.333-7.333c4.045 0 7.333 3.291 7.333 7.333s-3.289 7.333-7.333 7.333zM16 10.001c-3.308 0-6 2.693-6 6s2.692 6 6 6 6-2.693 6-6-2.693-6-6-6zM14 20.132c-0.115 0-0.231-0.028-0.333-0.087-0.207-0.12-0.333-0.34-0.333-0.58v-6.925c0-0.24 0.127-0.461 0.333-0.58 0.205-0.12 0.461-0.12 0.667 0l6 3.467c0.205 0.119 0.333 0.339 0.333 0.577s-0.128 0.459-0.333 0.579l-6 3.465c-0.104 0.053-0.22 0.084-0.333 0.084zM14.667 13.695v4.619l4-2.308-4-2.311z\"><\/path>\n        <\/svg><\/span><\/span><\/p>\n<h3>SENDEN<br \/>\n<i>FAHRKARTE<\/i><\/h3>\n<p><\/div> <\/div><div class=\"flip-box-back\"  data-bg-overlay=\"\" data-text-color=\"light\" style=\"background-color: #005698; min-height: 400px;\"> <div class=\"inner\">Senden Sie ein Ticket f\u00fcr den Support<br \/>\n<div class=\"divider-wrap\" data-alignment=\"default\"><div style=\"height: 15px;\" class=\"divider\"><\/div><\/div>\n<a class=\"nectar-button n-sc-button medium extra-color-1 regular-button\"  href=\"\/de\/ticket-senden\/\" data-color-override=\"false\" data-hover-color-override=\"false\" data-hover-text-color-override=\"#fff\"><span>TICKET SENDEN<\/span><\/a><\/div> <\/div><\/div>\n\t\t<\/div> \n\t<\/div>\n\t<\/div> \n\n\t<div  class=\"vc_col-sm-6 wpb_column column_container vc_column_container col child_column padding-5-percent\"   data-padding-pos=\"all\" data-has-bg-color=\"false\" data-bg-color=\"\" data-bg-opacity=\"1\" data-animation=\"\" data-delay=\"0\" >\n\t\t<div class=\"vc_column-inner\" >\n\t\t<div class=\"wpb_wrapper\">\n\t\t\t<div class=\"nectar-flip-box\" data-min-height=\"400\" data-flip-direction=\"horizontal-to-left\" data-h_text_align=\"center\" data-v_text_align=\"center\"><div class=\"flip-box-front\"  data-bg-overlay=\"true\" data-text-color=\"light\" style=\"background-image: url('https:\/\/www.digife.it\/wp-content\/uploads\/2016\/06\/biglietti-visita-digife-grafica-sitiweb-ferrara.jpg'); background-color: #000000; min-height: 400px;\"> <div class=\"inner\"><span class=\"im-icon-wrap\" data-color=\"accent-color\"><span><svg role=\"presentation\" version=\"1.1\" xmlns=\"http:\/\/www.w3.org\/2000\/svg\" width=\"60\" height=\"60\" viewbox=\"0 0 32 32\">\n        <path d=\"M7.333 16.333c-0.367 0-0.667-0.3-0.667-0.667v-5.877c0-0.277 0.008-0.545 0.016-0.803 0.021-0.776 0.040-1.508-0.195-1.751-0.139-0.141-0.455-0.173-0.692-0.173-0.481 0-0.793 0.145-0.92 0.437-0.151 0.336-0.544 0.489-0.88 0.336-0.336-0.148-0.487-0.544-0.336-0.88 0.348-0.78 1.128-1.227 2.139-1.227 0.732 0 1.267 0.191 1.644 0.579 0.632 0.645 0.603 1.607 0.575 2.716-0.007 0.247-0.015 0.503-0.015 0.765v5.877c-0.003 0.367-0.303 0.667-0.669 0.667zM5.995 17.008c-1.049 0-3.836 0-3.836-2.803 0-2.027 2.064-5.084 5.175-5.084 0.367 0 0.667 0.299 0.667 0.667v6.544c0 0.368-0.3 0.667-0.667 0.667l-1.339 0.009zM6.667 10.524c-1.959 0.408-3.175 2.524-3.175 3.685 0 1.099 0.632 1.472 2.503 1.472l0.672-0.007v-5.151zM10 16.333c-0.367 0-0.667-0.3-0.667-0.667v-12c0-0.367 0.3-0.667 0.667-0.667s0.667 0.3 0.667 0.667v12c0 0.367-0.3 0.667-0.667 0.667zM12.345 17.008l-2.345-0.008c-0.367 0-0.667-0.3-0.667-0.667v-6.544c0-0.367 0.3-0.667 0.667-0.667 2.935 0 5.697 2.861 5.697 5.084 0 1.137-0.393 1.937-1.169 2.383-0.644 0.368-1.429 0.419-2.183 0.419zM10.667 15.667l1.679 0.008c0.541 0 1.145-0.028 1.52-0.245 0.139-0.080 0.503-0.287 0.503-1.224 0-1.271-1.716-3.296-3.697-3.687l-0.004 5.148zM11.381 26.284c-0.173 0-0.345-0.068-0.472-0.195-0.205-0.203-0.251-0.521-0.12-0.779l2.732-5.24c0.029-0.060 0.071-0.115 0.12-0.163l10.361-10.361c0.128-0.128 0.297-0.195 0.472-0.195v0c0.177 0 0.348 0.071 0.472 0.195l2.507 2.508c0.26 0.259 0.26 0.684 0 0.943l-10.361 10.361c-0.047 0.048-0.101 0.089-0.164 0.12l-5.237 2.731c-0.1 0.048-0.204 0.075-0.309 0.075zM14.656 20.777l-1.704 3.269 3.269-1.703 9.815-9.813-1.563-1.567-9.817 9.813zM27.452 12.999l-0.943-0.943 1.592-1.595c0.317-0.313 0.527-0.716 0.572-1.101 0.023-0.191 0.025-0.549-0.229-0.803-0.425-0.421-1.299-0.271-1.908 0.34l-1.591 1.592-0.943-0.943 1.591-1.592c1.139-1.139 2.84-1.293 3.793-0.34 0.475 0.476 0.696 1.171 0.609 1.904-0.083 0.689-0.42 1.359-0.953 1.888l-1.591 1.592zM15.381 19.113l2.51 2.507-0.942 0.943-2.51-2.507 0.942-0.943zM30.667 29h-29.333c-0.367 0-0.667-0.3-0.667-0.667s0.3-0.667 0.667-0.667h29.333c0.367 0 0.667 0.3 0.667 0.667s-0.3 0.667-0.667 0.667z\"><\/path>\n        <\/svg><\/span><\/span><\/p>\n<h3>RESSOURCEN<br \/>\n<i>UND LEITFADEN<\/i><\/h3>\n<p><\/div> <\/div><div class=\"flip-box-back\"  data-bg-overlay=\"\" data-text-color=\"light\" style=\"background-color: #005698; min-height: 400px;\"> <div class=\"inner\">Mail-Client-Konfiguration, Webmail-Zugriff, Antispam und Quarant\u00e4ne<br \/>\n<div class=\"divider-wrap\" data-alignment=\"default\"><div style=\"height: 15px;\" class=\"divider\"><\/div><\/div>\n<a class=\"nectar-button n-sc-button medium extra-color-1 regular-button\"  href=\"\/de\/kundenressourcen\/\" data-color-override=\"false\" data-hover-color-override=\"false\" data-hover-text-color-override=\"#fff\"><span>Ressourcen<\/span><\/a><\/div> <\/div><\/div>\n\t\t<\/div> \n\t<\/div>\n\t<\/div> \n<\/div><\/div>\n\t\t\t<\/div> \n\t\t<\/div>\n\t<\/div> \n\n\t<div  class=\"vc_col-sm-2 vc_hidden-md vc_hidden-sm vc_hidden-xs wpb_column column_container vc_column_container col no-extra-padding\"  data-padding-pos=\"all\" data-has-bg-color=\"false\" data-bg-color=\"\" data-bg-opacity=\"1\" data-animation=\"\" data-delay=\"0\" >\n\t\t<div class=\"vc_column-inner\" >\n\t\t\t<div class=\"wpb_wrapper\">\n\t\t\t\t\n\t\t\t<\/div> \n\t\t<\/div>\n\t<\/div> \n<\/div><\/div>\n\t\t<div id=\"fws_69cffe990366d\"  data-column-margin=\"default\" data-midnight=\"light\" data-top-percent=\"10%\" data-bottom-percent=\"10%\"  class=\"wpb_row vc_row-fluid vc_row full-width-content vc_row-o-equal-height vc_row-flex vc_row-o-content-top\"  style=\"padding-top: calc(100vw * 0.10); padding-bottom: calc(100vw * 0.10); \"><div class=\"row-bg-wrap\" data-bg-animation=\"none\" data-bg-animation-delay=\"\" data-bg-overlay=\"true\"><div class=\"inner-wrap row-bg-layer using-image\" ><div class=\"row-bg viewport-desktop using-image\"  style=\"background-image: url(https:\/\/www.digife.it\/wp-content\/uploads\/2016\/06\/computer-tablet-digife-siti-web-grafica-ecommerce-ferrara-bologna-rovigo.jpg); background-position: center center; background-repeat: no-repeat; \"><\/div><\/div><div class=\"row-bg-overlay row-bg-layer\" style=\"background-color:#000000;  opacity: 0.8; \"><\/div><\/div><div class=\"row_col_wrap_12 col span_12 light center\">\n\t<div  class=\"vc_col-sm-3 wpb_column column_container vc_column_container col no-extra-padding\"  data-padding-pos=\"all\" data-has-bg-color=\"false\" data-bg-color=\"\" data-bg-opacity=\"1\" data-animation=\"\" data-delay=\"0\" >\n\t\t<div class=\"vc_column-inner\" >\n\t\t\t<div class=\"wpb_wrapper\">\n\t\t\t\t\n\t\t\t<\/div> \n\t\t<\/div>\n\t<\/div> \n\n\t<div  class=\"vc_col-sm-6 wpb_column column_container vc_column_container col no-extra-padding\"  data-padding-pos=\"all\" data-has-bg-color=\"false\" data-bg-color=\"\" data-bg-opacity=\"1\" data-animation=\"\" data-delay=\"0\" >\n\t\t<div class=\"vc_column-inner\" >\n\t\t\t<div class=\"wpb_wrapper\">\n\t\t\t\t<h3 style=\"color: #ffffff;text-align: center\" class=\"vc_custom_heading vc_do_custom_heading\" >Kontaktiere uns<\/h3><div class=\"divider-wrap\" data-alignment=\"default\"><div style=\"height: 15px;\" class=\"divider\"><\/div><\/div>\n<div class=\"wpb_text_column wpb_content_element\" >\n\t<p>Wir helfen Unternehmen und Unternehmen, sich selbst zu digitalisieren, damit sie die neuen M\u00f6glichkeiten, die sich t\u00e4glich im Internet ergeben, optimal nutzen k\u00f6nnen.<\/p>\n<\/div>\n\n\n\n<div class=\"divider-wrap\" data-alignment=\"default\"><div style=\"height: 30px;\" class=\"divider\"><\/div><\/div><a class=\"nectar-button medium see-through-2\"  role=\"button\" style=\"\"  href=\"\/de\/kontakte\/\" data-color-override=\"false\"  data-hover-color-override=\"#005698\" data-hover-text-color-override=\"#ffffff\"><span>Kontakte<\/span><\/a>\n\t\t\t<\/div> \n\t\t<\/div>\n\t<\/div> \n\n\t<div  class=\"vc_col-sm-3 wpb_column column_container vc_column_container col no-extra-padding\"  data-padding-pos=\"all\" data-has-bg-color=\"false\" data-bg-color=\"\" data-bg-opacity=\"1\" data-animation=\"\" data-delay=\"0\" >\n\t\t<div class=\"vc_column-inner\" >\n\t\t\t<div class=\"wpb_wrapper\">\n\t\t\t\t\n\t\t\t<\/div> \n\t\t<\/div>\n\t<\/div> \n<\/div><\/div>","protected":false},"excerpt":{"rendered":"KUNDENBEREICH Von diesem Abschnitt aus k\u00f6nnen Sie ein Ticket senden oder Support anfordern. Au\u00dferdem finden Sie Anleitungen und Benutzerhandb\u00fccher TICKETS SENDEN Ticket f\u00fcr Support einreichen TICKETS SENDEN RESSOURCEN UND ...","protected":false},"author":1,"featured_media":0,"parent":0,"menu_order":23,"comment_status":"closed","ping_status":"closed","template":"","meta":{"footnotes":""},"class_list":["post-27631","page","type-page","status-publish"],"_links":{"self":[{"href":"https:\/\/www.digife.it\/de\/wp-json\/wp\/v2\/pages\/27631","targetHints":{"allow":["GET"]}}],"collection":[{"href":"https:\/\/www.digife.it\/de\/wp-json\/wp\/v2\/pages"}],"about":[{"href":"https:\/\/www.digife.it\/de\/wp-json\/wp\/v2\/types\/page"}],"author":[{"embeddable":true,"href":"https:\/\/www.digife.it\/de\/wp-json\/wp\/v2\/users\/1"}],"replies":[{"embeddable":true,"href":"https:\/\/www.digife.it\/de\/wp-json\/wp\/v2\/comments?post=27631"}],"version-history":[{"count":0,"href":"https:\/\/www.digife.it\/de\/wp-json\/wp\/v2\/pages\/27631\/revisions"}],"wp:attachment":[{"href":"https:\/\/www.digife.it\/de\/wp-json\/wp\/v2\/media?parent=27631"}],"curies":[{"name":"wp","href":"https:\/\/api.w.org\/{rel}","templated":true}]}}