{"id":24994,"date":"2015-11-20T15:10:35","date_gmt":"2015-11-20T15:10:35","guid":{"rendered":"http:\/\/www.digife.it\/?page_id=24994"},"modified":"2025-01-07T08:48:12","modified_gmt":"2025-01-07T08:48:12","slug":"privatsphare","status":"publish","type":"page","link":"https:\/\/www.digife.it\/de\/privatsphare\/","title":{"rendered":"Privatsph\u00e4re"},"content":{"rendered":"<h1>Privatsph\u00e4re<\/h1>\n<p class=\"p1\" style=\"text-align: center;\"><em><strong><span class=\"s1\">INFORMATIONEN F\u00dcR DIE VERARBEITUNG PERS\u00d6NLICHER DATEN<\/span><\/strong><\/em><\/p>\n<p class=\"p2\"><span class=\"s2\">DGF Srl Sitz: VIA UMBERTO MANFREDINI, 5 \u2013 44122 Ferrara \u2013 Umsatzsteuer-Identifikationsnummer: 02171060383 (im Folgenden \u201eEigent\u00fcmer\u201c) informiert Sie als Datenverantwortlicher gem\u00e4\u00df Art. 13 EU-Verordnung Nr. 2016\/679 (im Folgenden \u201eDSGVO\u201c), dass Ihre Daten auf folgende Weise und f\u00fcr folgende Zwecke verarbeitet werden:<\/span><\/p>\n<p class=\"p3\"><span class=\"s1\"><b>1. Gegenstand der Behandlung<\/b><\/span><\/p>\n<p class=\"p4\"><span class=\"s1\">Der Datenverantwortliche verarbeitet personenbezogene Identifikationsdaten (z. B. Vor- und Nachname, Firmenname, Adresse, Telefonnummer, E-Mail-Adresse, Bank- und Zahlungsdaten - im Folgenden &quot;personenbezogene Daten&quot; oder sogar &quot;Daten&quot;), die Sie auf der Website \u00fcbermittelt haben Anlass des Vertragsabschlusses f\u00fcr die Dienste des f\u00fcr die Verarbeitung Verantwortlichen.<\/span><\/p>\n<p class=\"p3\"><span class=\"s1\"><b>2. Zweck der Behandlung<\/b><\/span><\/p>\n<p class=\"p4\"><span class=\"s1\">Ihre pers\u00f6nlichen Daten werden verarbeitet:<\/span><\/p>\n<ul class=\"ul1\">\n<li class=\"li4\"><span class=\"s1\">ohne Ihre ausdr\u00fcckliche Zustimmung (Artikel 24 Buchstabe a), b), c) Datenschutzgesetz und Art. 6 lett. b), e) DSGVO) f\u00fcr folgende Dienstzwecke:<\/span>\n<ul class=\"ul1\">\n<li class=\"li5\"><span class=\"s4\">Vertr\u00e4ge f\u00fcr die Dienste des Controllers abschlie\u00dfen;<\/span><\/li>\n<li class=\"li5\"><span class=\"s4\">die vorvertraglichen, vertraglichen und steuerlichen Verpflichtungen erf\u00fcllen, die sich aus bestehenden Beziehungen mit Ihnen ergeben;<\/span><\/li>\n<li class=\"li5\"><span class=\"s4\">Erf\u00fcllung der Verpflichtungen, die durch Gesetz, Verordnung, Gemeinschaftsrecht oder Anordnung der Beh\u00f6rde (z. B. im Bereich der Bek\u00e4mpfung der Geldw\u00e4sche) festgelegt sind;<\/span><\/li>\n<li class=\"li5\"><span class=\"s4\">die Rechte des Eigent\u00fcmers aus\u00fcben, zum Beispiel das Recht auf Verteidigung vor Gericht;<\/span><\/li>\n<\/ul>\n<\/li>\n<li class=\"li4\"><span class=\"s1\">Nur mit Ihrer ausdr\u00fccklichen und eindeutigen Zustimmung (Artikel 23 und 130 des Datenschutzgesetzes und Artikel 7 der DSGVO) f\u00fcr folgende Marketingzwecke:<\/span>\n<ul class=\"ul1\">\n<li class=\"li5\"><span class=\"s4\">Sie per E-Mail, Post und \/ oder SMS und \/ oder Telefonkontakt, Newsletter, kommerzielle Kommunikation und \/ oder Werbematerial zu den vom Datenverantwortlichen angebotenen Produkten oder Dienstleistungen senden und den Grad der Zufriedenheit mit der Qualit\u00e4t der Dienstleistungen \u00fcberpr\u00fcfen;<\/span><\/li>\n<li class=\"li5\"><span class=\"s4\">Senden Sie per E-Mail, Post und \/ oder SMS und \/ oder Telefonkontakte kommerzielle und \/ oder Werbemitteilungen von Dritten (z. B. Gesch\u00e4ftspartnern, Versicherungsunternehmen usw.).<\/span><\/li>\n<\/ul>\n<\/li>\n<\/ul>\n<p class=\"p4\"><span class=\"s1\">Wir informieren Sie dar\u00fcber, dass wir Ihnen, wenn Sie bereits unsere Kunden sind, kommerzielle Mitteilungen zu den Diensten und Produkten des Controllers senden k\u00f6nnen, die denen \u00e4hneln, die Sie bereits verwendet haben, mit Ausnahme Ihres Widerspruchs (Artikel 130 c. 4 des Datenschutzgesetzes). .<\/span><\/p>\n<p class=\"p3\"><span class=\"s1\"><b>3. Verarbeitungsmethoden<\/b><\/span><\/p>\n<p class=\"p4\"><span class=\"s1\">Die Verarbeitung Ihrer personenbezogenen Daten erfolgt nach den in Art. 4 des Datenschutzgesetzes und Art. 4 n. 2) DSGVO und genauer: Sammlung, Registrierung, Organisation, Speicherung, Konsultation, Verarbeitung, \u00c4nderung, Auswahl, Extraktion, Vergleich, Verwendung, Zusammenschaltung, Sperrung, Kommunikation, L\u00f6schung und Zerst\u00f6rung von Daten. Ihre pers\u00f6nlichen Daten werden sowohl in Papierform als auch elektronisch und \/ oder automatisiert verarbeitet.<\/span><\/p>\n<div><strong>Datenaufbewahrungszeitraum oder Kriterien zur Bestimmung des Zeitraums<\/strong><\/div>\n<div>Nach den Richtlinien von Digife m\u00fcssen Ihre personenbezogenen Daten nur f\u00fcr den Zeitraum aufbewahrt werden, der zur Erf\u00fcllung der Zwecke erforderlich ist, f\u00fcr die sie erhoben wurden. Personenbezogene Daten werden f\u00fcr einen bestimmten Zeitraum nach dem Ende der Leistungserbringung oder f\u00fcr den Zeitraum gespeichert, der nach den geltenden Gesetzen und Vorschriften erforderlich ist.<\/div>\n<p class=\"p3\"><span class=\"s1\"><b>4. Zugriff auf Daten<\/b><\/span><\/p>\n<p class=\"p4\"><span class=\"s1\">Ihre Daten k\u00f6nnen f\u00fcr die in Art. 1 genannten Zwecke zug\u00e4nglich gemacht werden. 2.A) und 2.B):<\/span><\/p>\n<ul class=\"ul1\">\n<li class=\"li5\"><span class=\"s4\">an Mitarbeiter und Mitarbeiter des Datenverantwortlichen in ihrer Eigenschaft als Verantwortliche und \/ oder interne Manager der Verarbeitungs- und \/ oder Systemadministratoren;<\/span><\/li>\n<li class=\"li5\"><span class=\"s4\">an Drittunternehmen oder andere Subjekte (z. B. Kreditinstitute, professionelle Unternehmen, Berater, Versicherungsunternehmen f\u00fcr die Erbringung von Versicherungsdienstleistungen usw.), die im Auftrag des f\u00fcr die Verarbeitung Verantwortlichen ausgelagerte T\u00e4tigkeiten in ihrer Eigenschaft als ausf\u00fchren externe Manager der Behandlung.<\/span><\/li>\n<\/ul>\n<p class=\"p3\"><span class=\"s1\"><b>5. \u00dcbermittlung von Daten<\/b><\/span><\/p>\n<p class=\"p4\"><span class=\"s1\">Ohne die Notwendigkeit einer ausdr\u00fccklichen Zustimmung (gem\u00e4\u00df Artikel 24 Buchstabe a), b), d) Datenschutzgesetz und Art. 6 lett. b) und c) DSGVO) kann der Datenverantwortliche Ihre Daten f\u00fcr die in Art. 1 genannten Zwecke \u00fcbermitteln. 2.A) an Aufsichtsbeh\u00f6rden, Justizbeh\u00f6rden, Versicherungsunternehmen f\u00fcr die Erbringung von Versicherungsdienstleistungen sowie an diejenigen Personen, denen die Kommunikation zur Erreichung dieser Zwecke gesetzlich vorgeschrieben ist. Diese Probanden verarbeiten die Daten in ihrer Eigenschaft als unabh\u00e4ngige Datenverantwortliche.<\/span><\/p>\n<p class=\"p4\"><span class=\"s1\">Ihre Daten werden nicht verbreitet.<\/span><\/p>\n<p class=\"p3\"><span class=\"s1\"><b>6. Daten\u00fcbertragung<\/b><\/span><\/p>\n<p class=\"p4\"><span class=\"s1\">Personenbezogene Daten werden auf Servern in Roubaix (FR) und Gravelines (FR) innerhalb der Europ\u00e4ischen Union gespeichert. In jedem Fall versteht es sich, dass der f\u00fcr die Datenverarbeitung Verantwortliche bei Bedarf das Recht hat, die Server auch au\u00dferhalb der EU zu verschieben. In diesem Fall stellt der f\u00fcr die Datenverarbeitung Verantwortliche von nun an sicher, dass die \u00dcbermittlung von Daten au\u00dferhalb der EU in \u00dcbereinstimmung mit den geltenden gesetzlichen Bestimmungen erfolgt, vorbehaltlich der Festlegung der von der Europ\u00e4ischen Kommission bereitgestellten Standardvertragsklauseln.<\/span><\/p>\n<p class=\"p3\"><span class=\"s1\"><b>7. Art der Bereitstellung von Daten und Folgen der Verweigerung der Beantwortung<\/b><\/span><\/p>\n<p class=\"p4\"><span class=\"s1\">Die Bereitstellung von Daten f\u00fcr die in Art. Genannten Zwecke. 2.A) ist obligatorisch. In ihrer Abwesenheit k\u00f6nnen wir die Dienstleistungen der Kunst nicht garantieren. 2.A).<\/span><\/p>\n<p class=\"p4\"><span class=\"s1\">Die Bereitstellung von Daten f\u00fcr die in Art. Genannten Zwecke. 2.B) ist optional. Sie k\u00f6nnen daher beschlie\u00dfen, keine Daten bereitzustellen oder die M\u00f6glichkeit der Verarbeitung bereits bereitgestellter Daten sp\u00e4ter zu verweigern. In diesem Fall k\u00f6nnen Sie keine Newsletter, kommerziellen Mitteilungen und Werbematerialien zu den vom Datenverantwortlichen angebotenen Diensten erhalten. Sie haben jedoch weiterhin Anspruch auf die in Art. 1 genannten Dienstleistungen. 2.A).<\/span><\/p>\n<p class=\"p3\"><span class=\"s1\"><b>8. Rechte des Interessenten<\/b><\/span><\/p>\n<p class=\"p4\"><span class=\"s1\">In Ihrer Eigenschaft als interessierte Partei haben Sie die Rechte, auf die in der Kunst Bezug genommen wird. 7 des Datenschutzgesetzes und art. 15 DSGVO und genau die Rechte von:<\/span><\/p>\n<ul class=\"ul1\">\n<li class=\"li5\"><span class=\"s4\">eine Best\u00e4tigung \u00fcber das Vorhandensein oder Nichtvorhandensein personenbezogener Daten \u00fcber Sie erhalten, auch wenn diese noch nicht registriert sind, und deren Kommunikation in verst\u00e4ndlicher Form;<\/span><\/li>\n<li class=\"li5\"><span class=\"s4\">die Angabe erhalten: a) die Herkunft der personenbezogenen Daten; b) die Zwecke und Methoden der Verarbeitung; c) der Logik, die bei einer Behandlung mit Hilfe elektronischer Instrumente angewendet wird; d) die Identit\u00e4t des Eigent\u00fcmers, des Managers und des gem\u00e4\u00df Art. 5, Absatz 2 des Datenschutzgesetzes und Art. 3, Absatz 1, DSGVO; e) die Subjekte oder Kategorien von Subjekten, denen die personenbezogenen Daten \u00fcbermittelt werden k\u00f6nnen oder die als ernannter Vertreter im Staat, Manager oder Vertreter davon erfahren k\u00f6nnen;<\/span><\/li>\n<li class=\"li5\"><span class=\"s4\">erhalten: a) Aktualisierung, Berichtigung oder bei Interesse Integration von Daten; b) die L\u00f6schung, Umwandlung in anonyme Form oder Sperrung von Daten, die unter Versto\u00df gegen das Gesetz verarbeitet wurden, einschlie\u00dflich Daten, die nicht f\u00fcr die Zwecke aufbewahrt werden m\u00fcssen, f\u00fcr die die Daten gesammelt oder anschlie\u00dfend verarbeitet wurden; c) die Bescheinigung, dass die in den Buchstaben a) und b) genannten Vorg\u00e4nge auch inhaltlich denjenigen zur Kenntnis gebracht wurden, denen die Daten \u00fcbermittelt oder verbreitet wurden, au\u00dfer in dem Fall, in dem diese Erf\u00fcllung vorliegt erweist sich als unm\u00f6glich oder beinhaltet den Einsatz von Mitteln, die offensichtlich in keinem Verh\u00e4ltnis zum gesch\u00fctzten Recht stehen;<\/span><\/li>\n<li class=\"li4\"><span class=\"s1\">ganz oder teilweise widersprechen: a) aus berechtigten Gr\u00fcnden der Verarbeitung personenbezogener Daten, die Sie betreffen, auch wenn dies f\u00fcr den Zweck der Erhebung relevant ist; b) zur Verarbeitung personenbezogener Daten, die Sie betreffen, zum Zwecke des Versands von Werbe- oder Direktvertriebsmaterial oder zur Durchf\u00fchrung von Marktforschung oder kommerzieller Kommunikation durch den Einsatz automatisierter Anrufsysteme ohne die Intervention eines Betreibers per E-Mail und \/ oder durch traditionelle Marketingmethoden per Telefon und \/ oder Papierpost. Es ist anzumerken, dass das in Buchstabe b) dargelegte Widerspruchsrecht der interessierten Partei f\u00fcr Direktmarketingzwecke durch automatisierte Methoden auf traditionelle Methoden ausgedehnt wird und dass in jedem Fall die M\u00f6glichkeit f\u00fcr die interessierte Partei verbleibt, das Recht von auszu\u00fcben Opposition auch nur teilweise. Daher kann der Interessent entscheiden, nur Mitteilungen mit herk\u00f6mmlichen Methoden oder nur automatisierte Mitteilungen oder keine der beiden Kommunikationsarten zu empfangen.<\/span><\/li>\n<\/ul>\n<p class=\"p4\"><span class=\"s1\">Gegebenenfalls hat es auch die in den Artikeln genannten Rechte. 16-21 DSGVO (Recht auf Berichtigung, Recht auf Vergessen, Recht auf Einschr\u00e4nkung der Behandlung, Recht auf Daten\u00fcbertragbarkeit, Widerspruchsrecht) sowie das Recht auf Beschwerde bei der Garantiebeh\u00f6rde.<\/span><\/p>\n<p class=\"p3\"><span class=\"s1\"><b>9. Wie man die Rechte aus\u00fcbt<\/b><\/span><\/p>\n<p class=\"p4\"><span class=\"s1\">Sie k\u00f6nnen Ihre Rechte jederzeit aus\u00fcben, indem Sie Folgendes senden:<\/span><\/p>\n<ul class=\"ul1\">\n<li>durch die entsprechende <strong><a href=\"https:\/\/www.digife.it\/de\/datenschutz-tools\/\">GDPR-konformes Tool<\/a><\/strong> AUTOMATISCH auf der Website verf\u00fcgbar gemacht, k\u00f6nnen Sie Ihre Daten verwalten, darauf zugreifen und l\u00f6schen.<\/li>\n<li class=\"li6\"><span class=\"s6\">ein eingeschriebener Brief an <\/span><span class=\"s7\">DGF Srl Sitz: VIA UMBERTO MANFREDINI, 5 \u2013 44122 Ferrara<\/span><span class=\"s6\">;<\/span><\/li>\n<li class=\"li4\"><span class=\"s1\">eine E-Mail an info@digife.it.<\/span><\/li>\n<\/ul>\n<p class=\"p3\"><span class=\"s1\"><b>10. Eigent\u00fcmer, Gesch\u00e4ftsf\u00fchrer und Beauftragte (gem\u00e4\u00df Artikel 4 und 24 DSGVO)<\/b><\/span><\/p>\n<p class=\"p7\"><span class=\"s6\">Der Datencontroller ist <\/span><span class=\"s1\">DGF Srl Eingetragener Firmensitz und operativer Hauptsitz: VIA UMBERTO MANFREDINI, 5 \u2013 44122 Ferrara \u2013 Umsatzsteuer-Identifikationsnummer: 02171060383<\/span><\/p>\n<p class=\"p4\"><span class=\"s1\">Die aktualisierte Liste der Datenverarbeiter und Verantwortlichen f\u00fcr die Verarbeitung befindet sich am Sitz des f\u00fcr die Verarbeitung Verantwortlichen.<\/span><\/p>\n<p>&nbsp;<\/p>","protected":false},"excerpt":{"rendered":"<p>Datenschutz INFORMATIONEN ZUR VERARBEITUNG PERSONENBEZOGENER DATEN DGF Srl Sitz der Gesellschaft: VIA UMBERTO MANFREDINI, 5 \u2013 44122 Ferrara \u2013 Umsatzsteuer-Identifikationsnummer: 02171060383 (nachfolgend \u201eEigent\u00fcmer\u201c), als Eigent\u00fcmer der\u2026<\/p>","protected":false},"author":1,"featured_media":0,"parent":0,"menu_order":41,"comment_status":"closed","ping_status":"closed","template":"","meta":{"footnotes":""},"class_list":["post-24994","page","type-page","status-publish"],"_links":{"self":[{"href":"https:\/\/www.digife.it\/de\/wp-json\/wp\/v2\/pages\/24994","targetHints":{"allow":["GET"]}}],"collection":[{"href":"https:\/\/www.digife.it\/de\/wp-json\/wp\/v2\/pages"}],"about":[{"href":"https:\/\/www.digife.it\/de\/wp-json\/wp\/v2\/types\/page"}],"author":[{"embeddable":true,"href":"https:\/\/www.digife.it\/de\/wp-json\/wp\/v2\/users\/1"}],"replies":[{"embeddable":true,"href":"https:\/\/www.digife.it\/de\/wp-json\/wp\/v2\/comments?post=24994"}],"version-history":[{"count":0,"href":"https:\/\/www.digife.it\/de\/wp-json\/wp\/v2\/pages\/24994\/revisions"}],"wp:attachment":[{"href":"https:\/\/www.digife.it\/de\/wp-json\/wp\/v2\/media?parent=24994"}],"curies":[{"name":"wp","href":"https:\/\/api.w.org\/{rel}","templated":true}]}}