{"id":23959,"date":"2015-04-20T07:27:37","date_gmt":"2015-04-20T07:27:37","guid":{"rendered":"http:\/\/www.digife.it\/?page_id=23959"},"modified":"2021-12-17T08:58:54","modified_gmt":"2021-12-17T08:58:54","slug":"cookies-digife-websites-e-commerce","status":"publish","type":"page","link":"https:\/\/www.digife.it\/de\/cookies-digife-websites-e-commerce\/","title":{"rendered":"Informationen zu DigiFe-Cookies"},"content":{"rendered":"<h2><strong>COOKIES AUF DIESER SEITE<\/strong><\/h2>\n<div class=\"BorlabsCookie\"><h3 class=\"_brlbs _brlbs-cg-essential\">Essentiell<\/h3><p class=\"_brlbs _brlbs-cg-essential\">Essentielle Cookies erm\u00f6glichen grundlegende Funktionen und sind f\u00fcr die ordnungsgem\u00e4\u00dfe Funktion der Website erforderlich.<\/p><h4 class=\"_brlbs _brlbs-c-borlabs-cookie\">Popup-Cookie<\/h4><div class=\"_brlbs-responsive-table\"><table class=\"_brlbs _brlbs-c-borlabs-cookie\"><tr><th scope=\"row\">Vorname<\/th><td>Popup-Cookie<\/td><\/tr><tr><th scope=\"row\">Anbieter<\/th><td>Inhaber dieser Website<\/td><\/tr><tr><th scope=\"row\">Zweck<\/th><td>Speichert die Pr\u00e4ferenzen der in der Cookie-Box des Popup-Cookies ausgew\u00e4hlten Besucher.<\/td><\/tr><tr><th scope=\"row\">Name des Cookies<\/th><td>Borlabs-Cookie<\/td><\/tr><tr><th scope=\"row\">Ablauf des Cookies<\/th><td>1 Jahr<\/td><\/tr><\/table><\/div><h3 class=\"_brlbs _brlbs-cg-statistics\">Statistiken<\/h3><p class=\"_brlbs _brlbs-cg-statistics\">Cookies mit statistischen Zwecken sammeln Informationen anonym. Diese Informationen helfen uns zu verstehen, wie unsere Besucher unsere Website nutzen.<\/p><h4 class=\"_brlbs _brlbs-c-google-analytics\">Google Analytics<\/h4><div class=\"_brlbs-responsive-table\"><table class=\"_brlbs _brlbs-c-google-analytics\"><tr><th scope=\"row\">Vorname<\/th><td>Google Analytics<\/td><\/tr><tr><th scope=\"row\">Anbieter<\/th><td>Google Ireland Limited, Gordon House, Barrow Street, Dublin 4, Irland<\/td><\/tr><tr><th scope=\"row\">Zweck<\/th><td>Google-Cookie, das f\u00fcr die Website-Analyse verwendet wird. Erzeugt statistische Daten \u00fcber die Nutzung der Website durch den Besucher.<\/td><\/tr><tr><th scope=\"row\">Datenschutz-Bestimmungen<\/th><td><a href=\"https:\/\/policies.google.com\/privacy?hl=en\" target=\"_blank\" rel=\"nofollow noopener noreferrer\">https:\/\/policies.google.com\/privacy?hl=en<\/a><\/td><\/tr><tr><th scope=\"row\">Name des Cookies<\/th><td>_ga, _gat, _gid<\/td><\/tr><tr><th scope=\"row\">Ablauf des Cookies<\/th><td>2 Monate<\/td><\/tr><\/table><\/div><h4 class=\"_brlbs _brlbs-c-google-ads\">Google-Anzeigen<\/h4><div class=\"_brlbs-responsive-table\"><table class=\"_brlbs _brlbs-c-google-ads\"><tr><th scope=\"row\">Vorname<\/th><td>Google-Anzeigen<\/td><\/tr><tr><th scope=\"row\">Anbieter<\/th><td>Google Ireland Limited, Gordon House, Barrow Street, Dublin 4, Irland<\/td><\/tr><tr><th scope=\"row\">Zweck<\/th><td>Google-Cookie, das f\u00fcr das Conversion-Tracking von Google Ads verwendet wird.<\/td><\/tr><tr><th scope=\"row\">Datenschutz-Bestimmungen<\/th><td><a href=\"https:\/\/policies.google.com\/privacy?hl=en\" target=\"_blank\" rel=\"nofollow noopener noreferrer\">https:\/\/policies.google.com\/privacy?hl=en<\/a><\/td><\/tr><\/table><\/div><h3 class=\"_brlbs _brlbs-cg-marketing\">Marketing<\/h3><p class=\"_brlbs _brlbs-cg-marketing\">Marketing-Cookies werden von Drittanbietern oder Publishern verwendet, um personalisierte Werbung anzuzeigen. Sie tun dies, indem sie Besucher \u00fcber Websites hinweg verfolgen.<\/p><h3 class=\"_brlbs _brlbs-cg-external-media\">Dritte Teile<\/h3><p class=\"_brlbs _brlbs-cg-external-media\">Inhalte von Video- und Social-Media-Plattformen werden standardm\u00e4\u00dfig blockiert. Werden Cookies von Drittanbietern akzeptiert, bedarf der Zugriff auf solche Inhalte keiner manuellen Zustimmung mehr.<\/p><h4 class=\"_brlbs _brlbs-c-facebook\">Facebook<\/h4><div class=\"_brlbs-responsive-table\"><table class=\"_brlbs _brlbs-c-facebook\"><tr><th scope=\"row\">Vorname<\/th><td>Facebook<\/td><\/tr><tr><th scope=\"row\">Anbieter<\/th><td>Meta Platforms Ireland Limited, 4 Grand Canal Square, Dublin 2, Irland<\/td><\/tr><tr><th scope=\"row\">Zweck<\/th><td>Wird verwendet, um Facebook-Inhalte zu entsperren.<\/td><\/tr><tr><th scope=\"row\">Datenschutz-Bestimmungen<\/th><td><a href=\"https:\/\/www.facebook.com\/privacy\/explanation\" target=\"_blank\" rel=\"nofollow noopener noreferrer\">https:\/\/www.facebook.com\/privacy\/explanation<\/a><\/td><\/tr><tr><th scope=\"row\">Gastgeber (n)<\/th><td>.facebook.com<\/td><\/tr><\/table><\/div><h4 class=\"_brlbs _brlbs-c-googlemaps\">Google Maps<\/h4><div class=\"_brlbs-responsive-table\"><table class=\"_brlbs _brlbs-c-googlemaps\"><tr><th scope=\"row\">Vorname<\/th><td>Google Maps<\/td><\/tr><tr><th scope=\"row\">Anbieter<\/th><td>Google Ireland Limited, Gordon House, Barrow Street, Dublin 4, Irland<\/td><\/tr><tr><th scope=\"row\">Zweck<\/th><td>Wird verwendet, um Google Maps-Inhalte zu entsperren.<\/td><\/tr><tr><th scope=\"row\">Datenschutz-Bestimmungen<\/th><td><a href=\"https:\/\/policies.google.com\/privacy?hl=en&#038;gl=en\" target=\"_blank\" rel=\"nofollow noopener noreferrer\">https:\/\/policies.google.com\/privacy?hl=en&#038;gl=en<\/a><\/td><\/tr><tr><th scope=\"row\">Gastgeber (n)<\/th><td>.Google.com<\/td><\/tr><tr><th scope=\"row\">Name des Cookies<\/th><td>NID<\/td><\/tr><tr><th scope=\"row\">Ablauf des Cookies<\/th><td>6 Monate<\/td><\/tr><\/table><\/div><h4 class=\"_brlbs _brlbs-c-instagram\">Instagram<\/h4><div class=\"_brlbs-responsive-table\"><table class=\"_brlbs _brlbs-c-instagram\"><tr><th scope=\"row\">Vorname<\/th><td>Instagram<\/td><\/tr><tr><th scope=\"row\">Anbieter<\/th><td>Meta Platforms Ireland Limited, 4 Grand Canal Square, Dublin 2, Irland<\/td><\/tr><tr><th scope=\"row\">Zweck<\/th><td>Wird verwendet, um Instagram-Inhalte zu entsperren.<\/td><\/tr><tr><th scope=\"row\">Datenschutz-Bestimmungen<\/th><td><a href=\"https:\/\/www.instagram.com\/legal\/privacy\/\" target=\"_blank\" rel=\"nofollow noopener noreferrer\">https:\/\/www.instagram.com\/legal\/privacy\/<\/a><\/td><\/tr><tr><th scope=\"row\">Gastgeber (n)<\/th><td>.instagram.com<\/td><\/tr><tr><th scope=\"row\">Name des Cookies<\/th><td>Taubenstaat<\/td><\/tr><tr><th scope=\"row\">Ablauf des Cookies<\/th><td>Sitzung<\/td><\/tr><\/table><\/div><h4 class=\"_brlbs _brlbs-c-openstreetmap\">OpenStreetMap<\/h4><div class=\"_brlbs-responsive-table\"><table class=\"_brlbs _brlbs-c-openstreetmap\"><tr><th scope=\"row\">Vorname<\/th><td>OpenStreetMap<\/td><\/tr><tr><th scope=\"row\">Anbieter<\/th><td>Openstreetmap Foundation, St. John&#039;s Innovation Center, Cowley Road, Cambridge CB4 0WS, Vereinigtes K\u00f6nigreich<\/td><\/tr><tr><th scope=\"row\">Zweck<\/th><td>Wird zum Entsperren von OpenStreetMap-Inhalten verwendet.<\/td><\/tr><tr><th scope=\"row\">Datenschutz-Bestimmungen<\/th><td><a href=\"https:\/\/wiki.osmfoundation.org\/wiki\/Privacy_Policy\" target=\"_blank\" rel=\"nofollow noopener noreferrer\">https:\/\/wiki.osmfoundation.org\/wiki\/Privacy_Policy<\/a><\/td><\/tr><tr><th scope=\"row\">Gastgeber (n)<\/th><td>.openstreetmap.org<\/td><\/tr><tr><th scope=\"row\">Name des Cookies<\/th><td>_osm_location, _osm_session, _osm_totp_token, _osm_welcome, _pk_id., _pk_ref., _pk_ses., qos_token<\/td><\/tr><tr><th scope=\"row\">Ablauf des Cookies<\/th><td>1-10 Jahre<\/td><\/tr><\/table><\/div><h4 class=\"_brlbs _brlbs-c-twitter\">Twitter<\/h4><div class=\"_brlbs-responsive-table\"><table class=\"_brlbs _brlbs-c-twitter\"><tr><th scope=\"row\">Vorname<\/th><td>Twitter<\/td><\/tr><tr><th scope=\"row\">Anbieter<\/th><td>Twitter International Company, One Cumberland Place, Fenian Street, Dublin 2, D02 AX07, Irland<\/td><\/tr><tr><th scope=\"row\">Zweck<\/th><td>Wird verwendet, um Twitter-Inhalte zu entsperren.<\/td><\/tr><tr><th scope=\"row\">Datenschutz-Bestimmungen<\/th><td><a href=\"https:\/\/twitter.com\/privacy\" target=\"_blank\" rel=\"nofollow noopener noreferrer\">https:\/\/twitter.com\/privacy<\/a><\/td><\/tr><tr><th scope=\"row\">Gastgeber (n)<\/th><td>.twimg.com, .twitter.com<\/td><\/tr><tr><th scope=\"row\">Name des Cookies<\/th><td>__widgetsettings, local_storage_support_test<\/td><\/tr><tr><th scope=\"row\">Ablauf des Cookies<\/th><td>Unbegrenzt<\/td><\/tr><\/table><\/div><h4 class=\"_brlbs _brlbs-c-vimeo\">Vimeo<\/h4><div class=\"_brlbs-responsive-table\"><table class=\"_brlbs _brlbs-c-vimeo\"><tr><th scope=\"row\">Vorname<\/th><td>Vimeo<\/td><\/tr><tr><th scope=\"row\">Anbieter<\/th><td>Vimeo Inc., 555 West 18th Street, New York, New York 10011, USA<\/td><\/tr><tr><th scope=\"row\">Zweck<\/th><td>Wird verwendet, um Vimeo-Inhalte zu entsperren.<\/td><\/tr><tr><th scope=\"row\">Datenschutz-Bestimmungen<\/th><td><a href=\"https:\/\/vimeo.com\/privacy\" target=\"_blank\" rel=\"nofollow noopener noreferrer\">https:\/\/vimeo.com\/privacy<\/a><\/td><\/tr><tr><th scope=\"row\">Gastgeber (n)<\/th><td>player.vimeo.com<\/td><\/tr><tr><th scope=\"row\">Name des Cookies<\/th><td>vuid<\/td><\/tr><tr><th scope=\"row\">Ablauf des Cookies<\/th><td>2 Jahre<\/td><\/tr><\/table><\/div><h4 class=\"_brlbs _brlbs-c-youtube\">Youtube<\/h4><div class=\"_brlbs-responsive-table\"><table class=\"_brlbs _brlbs-c-youtube\"><tr><th scope=\"row\">Vorname<\/th><td>Youtube<\/td><\/tr><tr><th scope=\"row\">Anbieter<\/th><td>Google Ireland Limited, Gordon House, Barrow Street, Dublin 4, Irland<\/td><\/tr><tr><th scope=\"row\">Zweck<\/th><td>Wird verwendet, um YouTube-Inhalte zu entsperren.<\/td><\/tr><tr><th scope=\"row\">Datenschutz-Bestimmungen<\/th><td><a href=\"https:\/\/policies.google.com\/privacy?hl=en&#038;gl=en\" target=\"_blank\" rel=\"nofollow noopener noreferrer\">https:\/\/policies.google.com\/privacy?hl=en&#038;gl=en<\/a><\/td><\/tr><tr><th scope=\"row\">Gastgeber (n)<\/th><td>Google.com<\/td><\/tr><tr><th scope=\"row\">Name des Cookies<\/th><td>NID<\/td><\/tr><tr><th scope=\"row\">Ablauf des Cookies<\/th><td>6 Monate<\/td><\/tr><\/table><\/div><\/div>\n<p>&nbsp;<\/p>\n<h2><strong>MEINE AKTIVEN COOKIES<\/strong><\/h2>\n<div class=\"BorlabsCookie\" data-borlabs-cookie-consent-history><div class=\"_brlbs-responsive-table\"><table class=\"_brlbs-table\"><thead><tr><th class=\"_brlbs-table-date\" scope=\"col\">Datum<\/th><th class=\"_brlbs-table-version\" scope=\"col\">Ausf\u00fchrung<\/th><th class=\"_brlbs-table-consents\" scope=\"col\">Einwilligungen<\/th><\/tr><\/thead><\/table><\/div><\/div>\n<p>&nbsp;<\/p>\n<a href=\"#\" class=\"borlabs-cookie-preference\">Cookie-Einstellungen \u00e4ndern<\/a>\n<h1><\/h1>\n<h1>INFORMATIONEN ZU COOKIES<\/h1>\n<h2>KEKSE<\/h2>\n<p>Um unsere Website einfacher und intuitiver zu gestalten, verwenden wir Cookies. Cookies sind kleine Daten, mit denen wir neue und fr\u00fchere Besucher vergleichen und verstehen k\u00f6nnen, wie Benutzer durch unsere Website navigieren. Wir verwenden die durch Cookies gesammelten Daten, um das Surferlebnis in Zukunft angenehmer und effizienter zu gestalten.<\/p>\n<p>Cookies zeichnen keine pers\u00f6nlichen Informationen \u00fcber einen Benutzer auf und identifizierbare Daten werden nicht gespeichert. Wenn Sie die Verwendung von Cookies deaktivieren m\u00f6chten, m\u00fcssen Sie Ihre Computereinstellungen anpassen, indem Sie das L\u00f6schen aller Cookies festlegen oder eine Warnmeldung aktivieren, wenn Cookies gespeichert werden. Um fortzufahren, ohne die Anwendung von Cookies zu \u00e4ndern, fahren Sie einfach mit dem Surfen fort.<\/p>\n<p>Besuch <a href=\"http:\/\/www.aboutcookies.org\/\" target=\"_blank\" rel=\"noopener\">AboutCookies.org<\/a> Weitere Informationen zu Cookies und deren Auswirkungen auf Ihr Browser-Erlebnis.<\/p>\n<p><strong>Die Arten von Cookies, die wir verwenden<\/strong><\/p>\n<p>Wichtige Cookies<\/p>\n<p>Diese Cookies sind unerl\u00e4sslich, damit Sie sich auf der Website bewegen und deren Funktionen vollst\u00e4ndig nutzen k\u00f6nnen, z. B. den Zugriff auf die verschiedenen gesch\u00fctzten Bereiche der Website. Ohne diese Cookies k\u00f6nnen einige notwendige Dienste, wie das Ausf\u00fcllen eines Formulars f\u00fcr einen Wettbewerb, nicht genutzt werden.<\/p>\n<p>Leistungscookie<\/p>\n<p>Diese Cookies sammeln Informationen dar\u00fcber, wie Benutzer eine Website nutzen, z. B. welche Seiten am h\u00e4ufigsten besucht werden, wenn Sie Fehlermeldungen von Webseiten erhalten. Diese Cookies sammeln keine Informationen, die einen Besucher identifizieren. Alle durch Cookies gesammelten Informationen sind aggregiert und daher anonym. Sie werden nur verwendet, um die Funktionsweise einer Website zu verbessern.<br \/>\nDurch die Nutzung unserer Website akzeptiert der Benutzer, dass diese Cookies auf seinem Ger\u00e4t installiert werden k\u00f6nnen.<\/p>\n<p>Funktionscookies<\/p>\n<p>Cookies erm\u00f6glichen es der Website, sich an die vom Benutzer getroffenen Entscheidungen (wie Name, Sprache oder Herkunftsregion) zu erinnern und angepasste erweiterte Funktionen bereitzustellen. Diese Cookies k\u00f6nnen auch verwendet werden, um \u00c4nderungen an Textgr\u00f6\u00dfe, Schriftarten und anderen Teilen von Webseiten zu speichern, die angepasst werden k\u00f6nnen. Sie k\u00f6nnen auch verwendet werden, um Dienste bereitzustellen, nach denen Sie gefragt haben, z. B. das Ansehen eines Videos oder das Kommentieren eines Blogs. Die durch diese Art von Cookies gesammelten Informationen k\u00f6nnen anonymisiert werden und Ihre Browsing-Aktivit\u00e4ten auf anderen Websites nicht \u00fcberwachen.<br \/>\nDurch die Nutzung unserer Website akzeptiert der Benutzer, dass diese Cookies auf seinem Ger\u00e4t installiert werden k\u00f6nnen.<\/p>\n<p><strong>So verwalten Sie Cookies auf Ihrem PC<\/strong><\/p>\n<p>Wenn Sie Cookies von unserer Website zulassen m\u00f6chten, f\u00fchren Sie die folgenden Schritte aus:<\/p>\n<p>Google Chrome<br \/>\n1. Klicken Sie oben im Browserfenster auf &quot;Extras&quot; und w\u00e4hlen Sie &quot;Optionen&quot;<br \/>\n2. Klicken Sie auf die Registerkarte &quot;Unter der Haube&quot;, suchen Sie den Abschnitt &quot;Datenschutz&quot; und w\u00e4hlen Sie die Schaltfl\u00e4che &quot;Inhaltseinstellungen&quot;<br \/>\n3. W\u00e4hlen Sie nun &quot;Lokale Daten zulassen&quot;.<\/p>\n<p>Microsoft Internet Explorer 6.0, 7.0, 8.0, 9.0<br \/>\n1. Klicken Sie oben in Ihrem Browserfenster auf &quot;Extras&quot;, w\u00e4hlen Sie &quot;Internetoptionen&quot; und klicken Sie dann auf die Registerkarte &quot;Datenschutz&quot;<br \/>\n2. Um Cookies in Ihrem Browser zu aktivieren, stellen Sie sicher, dass die Datenschutzstufe auf Mittel oder darunter eingestellt ist.<br \/>\n3. Wenn Sie die Datenschutzstufe \u00fcber Mittel einstellen, wird die Verwendung von Cookies deaktiviert.<\/p>\n<p>Mozilla Firefox<br \/>\n1. Klicken Sie oben im Browserfenster auf &quot;Extras&quot; und w\u00e4hlen Sie &quot;Optionen&quot;.<br \/>\n2. W\u00e4hlen Sie dann das Datenschutzsymbol<br \/>\n3. Klicken Sie auf Cookies und w\u00e4hlen Sie &quot;Websites erlauben, Cookies zu verwenden&quot;.<\/p>\n<p>Safari<br \/>\n1. Klicken Sie oben in Ihrem Browserfenster auf das Zahnradsymbol und w\u00e4hlen Sie die Option &quot;Einstellungen&quot;<br \/>\n2. Klicken Sie auf &quot;Sicherheit&quot; und w\u00e4hlen Sie die Option &quot;Drittanbieter- und Werbe-Cookies blockieren&quot;.<br \/>\n3. Klicken Sie auf &quot;Speichern&quot;.<\/p>\n<p>So verwalten Sie Cookies auf dem Mac<br \/>\nWenn Sie Cookies von unserer Website zulassen m\u00f6chten, f\u00fchren Sie die folgenden Schritte aus:<\/p>\n<p>Microsoft Internet Explorer 5.0 unter OSX<br \/>\n1. Klicken Sie oben in Ihrem Browserfenster auf &quot;Explorer&quot; und w\u00e4hlen Sie die Option &quot;Einstellungen&quot;<br \/>\n2. Scrollen Sie nach unten, bis im Abschnitt &quot;Empfangsdatei&quot; &quot;Cookies&quot; angezeigt werden<br \/>\n3. W\u00e4hlen Sie die Option &quot;Nicht fragen&quot;<\/p>\n<p>Safari unter OSX<br \/>\n1. Klicken Sie oben in Ihrem Browserfenster auf &quot;Safari&quot; und w\u00e4hlen Sie die Option &quot;Einstellungen&quot;<br \/>\n2. Klicken Sie auf &quot;Sicherheit&quot; und dann auf &quot;Cookies akzeptieren&quot;.<br \/>\n3. W\u00e4hlen Sie &quot;Nur von der Site&quot;.<\/p>\n<p>Mozilla und Netscape unter OSX<br \/>\n1. Klicken Sie oben in Ihrem Browserfenster auf &quot;Mozilla&quot; oder &quot;Netscape&quot; und w\u00e4hlen Sie die Option &quot;Einstellungen&quot;<br \/>\n2. Scrollen Sie nach unten, bis Sie die Cookies unter &quot;Datenschutz und Sicherheit&quot; sehen.<br \/>\n3. W\u00e4hlen Sie &quot;Cookies nur f\u00fcr die Ursprungsseite aktivieren&quot;.<\/p>\n<p>Oper<br \/>\n1. Klicken Sie oben in Ihrem Browserfenster auf &quot;Men\u00fc&quot; und w\u00e4hlen Sie &quot;Einstellungen&quot;.<br \/>\n2. W\u00e4hlen Sie dann &quot;Einstellungen&quot; und dann die Registerkarte &quot;Erweitert&quot;<br \/>\n3. W\u00e4hlen Sie dann die Option &quot;Cookies akzeptieren&quot;<\/p>\n<p>&nbsp;<\/p>\n<p><strong>Google Analytics<\/strong><\/p>\n<p>Diese Website verwendet Google Analytics, einen Webanalysedienst von Google, Inc. (&quot;Google&quot;). Google Analytics verwendet &quot;Cookies&quot;, Textdateien, die auf Ihrem Computer abgelegt werden, damit die Website analysieren kann, wie Nutzer die Website nutzen. Die durch den Cookie erzeugten Informationen \u00fcber die Nutzung der Website (einschlie\u00dflich Ihrer anonymen IP-Adresse) werden auf den Servern von Google in den USA \u00fcbertragen und gespeichert. Google wird diese Informationen verwenden, um Ihre Nutzung der Website zu \u00fcberpr\u00fcfen, Berichte \u00fcber Website-Aktivit\u00e4ten f\u00fcr Website-Betreiber zu erstellen und andere Dienste im Zusammenhang mit Website-Aktivit\u00e4ten und Internetnutzung bereitzustellen. Google kann diese Informationen auch an Dritte weitergeben, wenn dies gesetzlich vorgeschrieben ist oder wenn diese Dritten die oben genannten Informationen im Auftrag von Google verarbeiten. Google wird Ihre IP-Adresse nicht mit anderen Daten von Google verkn\u00fcpfen. Sie k\u00f6nnen die Verwendung von Cookies ablehnen, indem Sie die entsprechende Einstellung in Ihrem Browser ausw\u00e4hlen. Beachten Sie jedoch, dass Sie in diesem Fall m\u00f6glicherweise nicht alle Funktionen dieser Website nutzen k\u00f6nnen. Durch die Nutzung dieser Website stimmen Sie der Verarbeitung Ihrer Daten durch Google in der oben angegebenen Weise und zu den oben genannten Zwecken zu.<\/p>\n<p>Sie k\u00f6nnen verhindern, dass Google ein Cookie erkennt, das aufgrund und im Zusammenhang mit Ihrer Nutzung dieser Website (einschlie\u00dflich Ihrer IP-Adresse) und der Verarbeitung dieser Daten generiert wird, indem Sie dieses Browser-Plugin herunterladen und installieren:<a href=\"http:\/\/tools.google.com\/dlpage\/gaoptout?hl=en\" target=\"_blank\" rel=\"noopener\">http:\/\/tools.google.com\/dlpage\/gaoptout?hl=en<\/a><\/p>\n<div class=\"contentBody\"><\/div>","protected":false},"excerpt":{"rendered":"<p>COOKIES AUF DIESER SEITE MEINE AKTIVEN COOKIES INFORMATIONEN ZU COOKIES COOKIES Um unsere Site einfacher und intuitiver zu gestalten, verwenden wir Cookies. Kekse ...<\/p>","protected":false},"author":1,"featured_media":0,"parent":0,"menu_order":42,"comment_status":"closed","ping_status":"closed","template":"","meta":{"footnotes":""},"class_list":["post-23959","page","type-page","status-publish"],"_links":{"self":[{"href":"https:\/\/www.digife.it\/de\/wp-json\/wp\/v2\/pages\/23959","targetHints":{"allow":["GET"]}}],"collection":[{"href":"https:\/\/www.digife.it\/de\/wp-json\/wp\/v2\/pages"}],"about":[{"href":"https:\/\/www.digife.it\/de\/wp-json\/wp\/v2\/types\/page"}],"author":[{"embeddable":true,"href":"https:\/\/www.digife.it\/de\/wp-json\/wp\/v2\/users\/1"}],"replies":[{"embeddable":true,"href":"https:\/\/www.digife.it\/de\/wp-json\/wp\/v2\/comments?post=23959"}],"version-history":[{"count":1,"href":"https:\/\/www.digife.it\/de\/wp-json\/wp\/v2\/pages\/23959\/revisions"}],"predecessor-version":[{"id":33983,"href":"https:\/\/www.digife.it\/de\/wp-json\/wp\/v2\/pages\/23959\/revisions\/33983"}],"wp:attachment":[{"href":"https:\/\/www.digife.it\/de\/wp-json\/wp\/v2\/media?parent=23959"}],"curies":[{"name":"wp","href":"https:\/\/api.w.org\/{rel}","templated":true}]}}