{"id":1415,"date":"2014-12-30T10:05:37","date_gmt":"2014-12-30T10:05:37","guid":{"rendered":"http:\/\/www.digife.it\/?page_id=1415"},"modified":"2022-07-22T13:33:49","modified_gmt":"2022-07-22T13:33:49","slug":"kundenressourcen","status":"publish","type":"page","link":"https:\/\/www.digife.it\/de\/kundenressourcen\/","title":{"rendered":"Ressourcen"},"content":{"rendered":"<div id=\"fws_69cffe9a37991\"  data-column-margin=\"default\" data-midnight=\"dark\"  class=\"wpb_row vc_row-fluid vc_row full-width-content vc_row-o-equal-height vc_row-flex vc_row-o-content-middle\"  style=\"padding-top: 0px; padding-bottom: 0px; \"><div class=\"row-bg-wrap\" data-bg-animation=\"none\" data-bg-animation-delay=\"\" data-bg-overlay=\"false\"><div class=\"inner-wrap row-bg-layer\" ><div class=\"row-bg viewport-desktop\"  style=\"\"><\/div><\/div><\/div><div class=\"row_col_wrap_12 col span_12 dark left\">\n\t<div style=\"\" class=\"vc_col-sm-6 vc_hidden-sm vc_hidden-xs wpb_column column_container vc_column_container col no-extra-padding inherit_tablet inherit_phone\" data-using-bg=\"true\" data-padding-pos=\"all\" data-has-bg-color=\"false\" data-bg-color=\"\" data-bg-opacity=\"1\" data-animation=\"\" data-delay=\"0\" >\n\t\t<div class=\"vc_column-inner\" ><div class=\"column-image-bg-wrap column-bg-layer viewport-desktop\" data-bg-pos=\"center center\" data-bg-animation=\"none\" data-bg-overlay=\"false\"><div class=\"inner-wrap\"><div class=\"column-image-bg\" style=\" background-image: url('https:\/\/www.digife.it\/wp-content\/uploads\/2014\/11\/sfondo-realizzazione-digife-siti-web-grafica-ecommerce-ferrara-bologna-rovigo.jpg'); \"><\/div><\/div><\/div>\n\t\t\t<div class=\"wpb_wrapper\">\n\t\t\t\t\n\t\t\t<\/div> \n\t\t<\/div>\n\t<\/div> \n\n\t<div  class=\"vc_col-sm-6 wpb_column column_container vc_column_container col padding-3-percent inherit_tablet inherit_phone\"  data-padding-pos=\"all\" data-has-bg-color=\"false\" data-bg-color=\"\" data-bg-opacity=\"1\" data-animation=\"\" data-delay=\"0\" >\n\t\t<div class=\"vc_column-inner\" >\n\t\t\t<div class=\"wpb_wrapper\">\n\t\t\t\t\n<div class=\"wpb_text_column wpb_content_element\" >\n\t<h5>DigiFe Kundenbereich<\/h5>\n<h2><span style=\"color: #005698;\">N\u00fctzliche Ressourcen<\/span><\/h2>\n<\/div>\n\n\n\n<div class=\"divider-wrap\" data-alignment=\"default\"><div style=\"height: 20px;\" class=\"divider\"><\/div><\/div><div id=\"fws_69cffe9a38bb8\" data-midnight=\"\" data-column-margin=\"default\" class=\"wpb_row vc_row-fluid vc_row inner_row vc_row-o-equal-height vc_row-flex vc_row-o-content-top\"  style=\"\"><div class=\"row-bg-wrap\"> <div class=\"row-bg\" ><\/div> <\/div><div class=\"row_col_wrap_12_inner col span_12  left\">\n\t<div  class=\"vc_col-sm-6 wpb_column column_container vc_column_container col child_column no-extra-padding inherit_tablet inherit_phone\"   data-padding-pos=\"all\" data-has-bg-color=\"false\" data-bg-color=\"\" data-bg-opacity=\"1\" data-animation=\"\" data-delay=\"0\" >\n\t\t<div class=\"vc_column-inner\" >\n\t\t<div class=\"wpb_wrapper\">\n\t\t\t\n<div class=\"wpb_text_column wpb_content_element\" >\n\t<h3>So verwalten Sie Ihre Dienste schnell<\/h3>\n<h4>Anleitungen und Konfigurationen<\/h4>\n<\/div>\n\n\n\n<div class=\"divider-wrap\" data-alignment=\"default\"><div style=\"height: 20px;\" class=\"divider\"><\/div><\/div><div class=\"nectar-fancy-ul\" data-list-icon=\"fa fa-chevron-right\" data-animation=\"false\" data-animation-delay=\"0\" data-color=\"accent-color\" data-spacing=\"default\" data-alignment=\"left\"> \n<ul>\n<li><a href=\"http:\/\/www.digife.it\/de\/mail-client-konfiguration\/\">Mail-Client-Konfiguration<\/a><\/li>\n<li><a href=\"https:\/\/webmail.next-cloud.it\/\" target=\"_blank\" rel=\"noopener noreferrer\">Webmail<\/a><\/li>\n<li><a href=\"https:\/\/www.digife.it\/wp-content\/uploads\/2019\/10\/Manuale_antispam_1.0.pdf\" rel=\"attachment wp-att-26502\">Antispam und Quarant\u00e4ne<\/a><\/li>\n<li><a href=\"http:\/\/www.digife.it\/de\/leitfaden-newsletter-mailer\/\">Newsletter-Anleitungen<\/a><\/li>\n<li><a href=\"\/de\/kunden-site-guides\/\">Site-Bearbeitungshandb\u00fccher<\/a><\/li>\n<\/ul>\n <\/div>\n\t\t<\/div> \n\t<\/div>\n\t<\/div> \n\n\t<div  class=\"vc_col-sm-6 wpb_column column_container vc_column_container col child_column no-extra-padding inherit_tablet inherit_phone\"   data-padding-pos=\"all\" data-has-bg-color=\"false\" data-bg-color=\"\" data-bg-opacity=\"1\" data-animation=\"\" data-delay=\"0\" >\n\t\t<div class=\"vc_column-inner\" >\n\t\t<div class=\"wpb_wrapper\">\n\t\t\t\n<div class=\"wpb_text_column wpb_content_element\" >\n\t<h3>Um die Probleme zu l\u00f6sen<\/h3>\n<h4>N\u00fctzliche Programme<\/h4>\n<\/div>\n\n\n\n<div class=\"divider-wrap\" data-alignment=\"default\"><div style=\"height: 20px;\" class=\"divider\"><\/div><\/div><div class=\"nectar-fancy-ul\" data-list-icon=\"fa fa-download\" data-animation=\"false\" data-animation-delay=\"0\" data-color=\"accent-color\" data-spacing=\"default\" data-alignment=\"left\"> \n<ul>\n<li><a href=\"https:\/\/www.digife.it\/risorse\/AnyDesk.exe\" target=\"_blank\" rel=\"noopener noreferrer\">AnyDesk-Fenster<\/a><\/li>\n<li><a href=\"https:\/\/www.digife.it\/risorse\/anydesk.dmg\" target=\"_blank\" rel=\"noopener noreferrer\">AnyDesk Mac<\/a><\/li>\n<li><a href=\"https:\/\/www.digife.it\/risorse\/tm.exe\" target=\"_blank\" rel=\"noopener noreferrer\">Teamviewer-Fenster<\/a><\/li>\n<li><a href=\"https:\/\/www.digife.it\/risorse\/tm.dmg\" target=\"_blank\" rel=\"noopener noreferrer\">Teamviewer Mac<\/a><\/li>\n<\/ul>\n <\/div>\n\t\t<\/div> \n\t<\/div>\n\t<\/div> \n<\/div><\/div>\n\t\t\t<\/div> \n\t\t<\/div>\n\t<\/div> \n<\/div><\/div>","protected":false},"excerpt":{"rendered":"DigiFe-Kundenbereich N\u00fctzliche Ressourcen Um Ihre Dienste schnell zu verwalten Leitf\u00e4den und Konfigurationen E-Mail-Client-Konfiguration Webmail Antispam- und Quarant\u00e4neleitf\u00e4den Newsletter Leitf\u00e4den zum Bearbeiten von Websites ...","protected":false},"author":1,"featured_media":0,"parent":0,"menu_order":53,"comment_status":"closed","ping_status":"closed","template":"","meta":{"footnotes":""},"class_list":["post-1415","page","type-page","status-publish"],"_links":{"self":[{"href":"https:\/\/www.digife.it\/de\/wp-json\/wp\/v2\/pages\/1415","targetHints":{"allow":["GET"]}}],"collection":[{"href":"https:\/\/www.digife.it\/de\/wp-json\/wp\/v2\/pages"}],"about":[{"href":"https:\/\/www.digife.it\/de\/wp-json\/wp\/v2\/types\/page"}],"author":[{"embeddable":true,"href":"https:\/\/www.digife.it\/de\/wp-json\/wp\/v2\/users\/1"}],"replies":[{"embeddable":true,"href":"https:\/\/www.digife.it\/de\/wp-json\/wp\/v2\/comments?post=1415"}],"version-history":[{"count":0,"href":"https:\/\/www.digife.it\/de\/wp-json\/wp\/v2\/pages\/1415\/revisions"}],"wp:attachment":[{"href":"https:\/\/www.digife.it\/de\/wp-json\/wp\/v2\/media?parent=1415"}],"curies":[{"name":"wp","href":"https:\/\/api.w.org\/{rel}","templated":true}]}}