{"id":1392,"date":"2014-12-29T15:33:20","date_gmt":"2014-12-29T15:33:20","guid":{"rendered":"http:\/\/www.digife.it\/invia-ticket\/"},"modified":"2018-04-30T09:13:22","modified_gmt":"2018-04-30T09:13:22","slug":"ticket-senden","status":"publish","type":"page","link":"https:\/\/www.digife.it\/de\/ticket-senden\/","title":{"rendered":"Ticket \u00fcbermitteln"},"content":{"rendered":"<script type=\"text\/javascript\">\n\/* <![CDATA[ *\/\nvar gform;gform||(document.addEventListener(\"gform_main_scripts_loaded\",function(){gform.scriptsLoaded=!0}),document.addEventListener(\"gform\/theme\/scripts_loaded\",function(){gform.themeScriptsLoaded=!0}),window.addEventListener(\"DOMContentLoaded\",function(){gform.domLoaded=!0}),gform={domLoaded:!1,scriptsLoaded:!1,themeScriptsLoaded:!1,isFormEditor:()=>\"function\"==typeof InitializeEditor,callIfLoaded:function(o){return!(!gform.domLoaded||!gform.scriptsLoaded||!gform.themeScriptsLoaded&&!gform.isFormEditor()||(gform.isFormEditor()&&console.warn(\"The use of gform.initializeOnLoaded() is deprecated in the form editor context and will be removed in Gravity Forms 3.1.\"),o(),0))},initializeOnLoaded:function(o){gform.callIfLoaded(o)||(document.addEventListener(\"gform_main_scripts_loaded\",()=>{gform.scriptsLoaded=!0,gform.callIfLoaded(o)}),document.addEventListener(\"gform\/theme\/scripts_loaded\",()=>{gform.themeScriptsLoaded=!0,gform.callIfLoaded(o)}),window.addEventListener(\"DOMContentLoaded\",()=>{gform.domLoaded=!0,gform.callIfLoaded(o)}))},hooks:{action:{},filter:{}},addAction:function(o,r,e,t){gform.addHook(\"action\",o,r,e,t)},addFilter:function(o,r,e,t){gform.addHook(\"filter\",o,r,e,t)},doAction:function(o){gform.doHook(\"action\",o,arguments)},applyFilters:function(o){return gform.doHook(\"filter\",o,arguments)},removeAction:function(o,r){gform.removeHook(\"action\",o,r)},removeFilter:function(o,r,e){gform.removeHook(\"filter\",o,r,e)},addHook:function(o,r,e,t,n){null==gform.hooks[o][r]&&(gform.hooks[o][r]=[]);var d=gform.hooks[o][r];null==n&&(n=r+\"_\"+d.length),gform.hooks[o][r].push({tag:n,callable:e,priority:t=null==t?10:t})},doHook:function(r,o,e){var t;if(e=Array.prototype.slice.call(e,1),null!=gform.hooks[r][o]&&((o=gform.hooks[r][o]).sort(function(o,r){return o.priority-r.priority}),o.forEach(function(o){\"function\"!=typeof(t=o.callable)&&(t=window[t]),\"action\"==r?t.apply(null,e):e[0]=t.apply(null,e)})),\"filter\"==r)return e[0]},removeHook:function(o,r,t,n){var e;null!=gform.hooks[o][r]&&(e=(e=gform.hooks[o][r]).filter(function(o,r,e){return!!(null!=n&&n!=o.tag||null!=t&&t!=o.priority)}),gform.hooks[o][r]=e)}});\n\/* ]]> *\/\n<\/script>\n\n                <div class='gf_browser_gecko gform_wrapper gform_legacy_markup_wrapper gform-theme--no-framework' data-form-theme='legacy' data-form-index='0' id='gform_wrapper_5' >\n                        <div class='gform_heading'>\n                            <h3 class=\"gform_title\">Ticket<\/h3>\n                            <p class='gform_description'><\/p>\n                        <\/div><form method='post' enctype='multipart\/form-data'  id='gform_5'  action='\/de\/wp-json\/wp\/v2\/pages\/1392' data-formid='5' novalidate>\n                        <div class='gform-body gform_body'><ul id='gform_fields_5' class='gform_fields top_label form_sublabel_below description_below validation_below'><li id=\"field_5_1\" class=\"gfield gfield--type-html gfield_html gfield_html_formatted gfield_no_follows_desc field_sublabel_below gfield--no-description field_description_below field_validation_below gfield_visibility_visible\"  >Un nostro assistente ti contatter\u00e0 tramite mail o telefonicamente nelle prossime ore se dovesse essere necessario. \nNel caso in cui avessi bisogno di un assistenza continuativa puoi contattarci per i pacchetti ABBONAMENTO<\/li><li id=\"field_5_5\" class=\"gfield gfield--type-text gfield_contains_required field_sublabel_below gfield--no-description field_description_below field_validation_below gfield_visibility_visible\"  ><label class='gfield_label gform-field-label' for='input_5_5'>Nome o Azienda<span class=\"gfield_required\"><span class=\"gfield_required gfield_required_asterisk\">*<\/span><\/span><\/label><div class='ginput_container ginput_container_text'><input name='input_5' id='input_5_5' type='text' value='' class='large'     aria-required=\"true\" aria-invalid=\"false\"   \/><\/div><\/li><li id=\"field_5_7\" class=\"gfield gfield--type-text field_sublabel_below gfield--no-description field_description_below field_validation_below gfield_visibility_visible\"  ><label class='gfield_label gform-field-label' for='input_5_7'>Dominio<\/label><div class='ginput_container ginput_container_text'><input name='input_7' id='input_5_7' type='text' value='' class='large'      aria-invalid=\"false\"   \/><\/div><\/li><li id=\"field_5_9\" class=\"gfield gfield--type-select gfield_contains_required field_sublabel_below gfield--has-description field_description_below field_validation_below gfield_visibility_visible\"  ><label class='gfield_label gform-field-label' for='input_5_9'>Priorit\u00e0<span class=\"gfield_required\"><span class=\"gfield_required gfield_required_asterisk\">*<\/span><\/span><\/label><div class='ginput_container ginput_container_select'><select name='input_9' id='input_5_9' class='medium gfield_select'  aria-describedby=\"gfield_description_5_9\"  aria-required=\"true\" aria-invalid=\"false\" ><option value='Normale' >Normale<\/option><option value='Urgente (+ \u20ac 50)' >Urgente (+ \u20ac 50)<\/option><\/select><\/div><div class='gfield_description' id='gfield_description_5_9'>Nomale: la richiesta verr\u00e0 processata entro 5 giorni lavorativi<br>\nUrgente: la richiesta viene processata entro la giornata lavorativa.<br>\nLE AZIENDE CHE HANNO ABBONAMENTO HANNO PRECEDENZA E NON PAGANO L'URGENZA<\/div><\/li><li id=\"field_5_6\" class=\"gfield gfield--type-textarea field_sublabel_below gfield--no-description field_description_below field_validation_below gfield_visibility_visible\"  ><label class='gfield_label gform-field-label' for='input_5_6'>Problema riscontrato o richiesta<\/label><div class='ginput_container ginput_container_textarea'><textarea name='input_6' id='input_5_6' class='textarea large'      aria-invalid=\"false\"   rows='10' cols='50'><\/textarea><\/div><\/li><li id=\"field_5_2\" class=\"gfield gfield--type-html gfield_html gfield_html_formatted gfield_no_follows_desc field_sublabel_below gfield--no-description field_description_below field_validation_below gfield_visibility_visible\"  >INDICARE LA MAIL E IL NUMERO DI CELLULARE DOVE ESSERE RICONTATTATO. <\/li><li id=\"field_5_3\" class=\"gfield gfield--type-email gfield_contains_required field_sublabel_below gfield--no-description field_description_below field_validation_below gfield_visibility_visible\"  ><label class='gfield_label gform-field-label' for='input_5_3'>Email<span class=\"gfield_required\"><span class=\"gfield_required gfield_required_asterisk\">*<\/span><\/span><\/label><div class='ginput_container ginput_container_email'>\n                            <input name='input_3' id='input_5_3' type='email' value='' class='large'    aria-required=\"true\" aria-invalid=\"false\"  \/>\n                        <\/div><\/li><li id=\"field_5_4\" class=\"gfield gfield--type-phone gfield_contains_required field_sublabel_below gfield--no-description field_description_below field_validation_below gfield_visibility_visible\"  ><label class='gfield_label gform-field-label' for='input_5_4'>Telefono<span class=\"gfield_required\"><span class=\"gfield_required gfield_required_asterisk\">*<\/span><\/span><\/label><div class='ginput_container ginput_container_phone'><input name='input_4' id='input_5_4' type='tel' value='' class='large'   aria-required=\"true\" aria-invalid=\"false\"   \/><\/div><\/li><li id=\"field_5_11\" class=\"gfield gfield--type-fileupload field_sublabel_below gfield--has-description field_description_below field_validation_below gfield_visibility_visible\"  ><label class='gfield_label gform-field-label' for='input_5_11'>Allega un file<\/label><div class='ginput_container ginput_container_fileupload'><input type='hidden' name='MAX_FILE_SIZE' value='16777216' \/><input name='input_11' id='input_5_11' type='file' class='medium' aria-describedby=\"gfield_upload_rules_5_11 gfield_description_5_11\" onchange='javascript:gformValidateFileSize( this, 16777216 );'  \/><span class='gfield_description gform_fileupload_rules' id='gfield_upload_rules_5_11'>Akzeptierte Dateitypen: jpg, gif, png, pdf, zip, Max. Dateigr\u00f6\u00dfe: 16 MB.<\/span><div class='gfield_description validation_message gfield_validation_message validation_message--hidden-on-empty' id='live_validation_message_5_11'><\/div> <\/div><div class='gfield_description' id='gfield_description_5_11'>Estensioni file permesse\njpg, gif, png, pdf, zip<\/div><\/li><li id=\"field_5_8\" class=\"gfield gfield--type-checkbox gfield--type-choice gfield_contains_required field_sublabel_below gfield--no-description field_description_below field_validation_below gfield_visibility_visible\"  ><label class='gfield_label gform-field-label gfield_label_before_complex' >Accettazione contratto di richiesta singolo supporto<span class=\"gfield_required\"><span class=\"gfield_required gfield_required_asterisk\">*<\/span><\/span><\/label><div class='ginput_container ginput_container_checkbox'><ul class='gfield_checkbox' id='input_5_8'><li class='gchoice gchoice_5_8_1'>\n\t\t\t\t\t\t\t\t<input class='gfield-choice-input' name='input_8.1' type='checkbox'  value='Accetto la tariffazione 32.5\u20ac ogni 30 minuti per la richiesta di singolo supporto. Nel caso in cui il malfunzionamento dipenda dalla piattaforma non sar\u00e0 addebitato nulla. &lt;BR&gt;PER LE RICHIESTE CHE SUPERANO LE 8 ORE LAVORATIVE SI VERRA AVVISATI TELEFONICAMENTE PRIMA DI PROCEDERE.&lt;BR&gt;  LA FATTURA VERRA EMESSA A LAVORO ULTIMATO CON SALDO ENTRO 5 GIORNI.'  id='choice_5_8_1'   \/>\n\t\t\t\t\t\t\t\t<label for='choice_5_8_1' id='label_5_8_1' class='gform-field-label gform-field-label--type-inline'>Accetto la tariffazione 32.5\u20ac ogni 30 minuti per la richiesta di singolo supporto. Nel caso in cui il malfunzionamento dipenda dalla piattaforma non sar\u00e0 addebitato nulla. <BR>PER LE RICHIESTE CHE SUPERANO LE 8 ORE LAVORATIVE SI VERRA AVVISATI TELEFONICAMENTE PRIMA DI PROCEDERE.<BR>  LA FATTURA VERRA EMESSA A LAVORO ULTIMATO CON SALDO ENTRO 5 GIORNI.<\/label>\n\t\t\t\t\t\t\t<\/li><\/ul><\/div><\/li><li id=\"field_5_12\" class=\"gfield gfield--type-checkbox gfield--type-choice gfield_contains_required field_sublabel_below gfield--no-description field_description_below field_validation_below gfield_visibility_visible\"  ><label class='gfield_label gform-field-label gfield_label_before_complex' >Accettazioni Privacy e condizioni di utilizzo Ticket<span class=\"gfield_required\"><span class=\"gfield_required gfield_required_asterisk\">*<\/span><\/span><\/label><div class='ginput_container ginput_container_checkbox'><ul class='gfield_checkbox' id='input_5_12'><li class='gchoice gchoice_5_12_1'>\n\t\t\t\t\t\t\t\t<input class='gfield-choice-input' name='input_12.1' type='checkbox'  value='Acconsento al trattamento dei dati secondo la normativa &lt;a href=&quot;\/\/www.digife.it\/privacy\/&quot;&gt;privacy&lt;\/a&gt; ai sensi dell\u2019art. 13 D.Lgs. 30\/6\/2003 n. 196 (in seguito, \u201cCodice Privacy\u201d) e dell\u2019art. 13 Regolamento UE n. 2016\/679 (in seguito, \u201cGDPR\u201d)'  id='choice_5_12_1'   \/>\n\t\t\t\t\t\t\t\t<label for='choice_5_12_1' id='label_5_12_1' class='gform-field-label gform-field-label--type-inline'>Acconsento al trattamento dei dati secondo la normativa <a href=\"\/\/www.digife.it\/privacy\/\">privacy<\/a> ai sensi dell\u2019art. 13 D.Lgs. 30\/6\/2003 n. 196 (in seguito, \u201cCodice Privacy\u201d) e dell\u2019art. 13 Regolamento UE n. 2016\/679 (in seguito, \u201cGDPR\u201d)<\/label>\n\t\t\t\t\t\t\t<\/li><\/ul><\/div><\/li><li id=\"field_5_13\" class=\"gfield gfield--type-captcha field_sublabel_below gfield--no-description field_description_below field_validation_below gfield_visibility_visible\"  ><label class='gfield_label gform-field-label' for='input_5_13'>CAPTCHA<\/label><div id='input_5_13' class='ginput_container ginput_recaptcha' data-sitekey='6LdMpKQUAAAAAG5K4eO3H9XPRGzrXCUXwQEewAtM'  data-theme='light' data-tabindex='0'  data-badge=''><\/div><\/li><\/ul><\/div>\n        <div class='gform-footer gform_footer top_label'> <input type='submit' id='gform_submit_button_5' class='gform_button button' onclick='gform.submission.handleButtonClick(this);' data-submission-type='submit' value='Invia'  \/> \n            <input type='hidden' class='gform_hidden' name='gform_submission_method' data-js='gform_submission_method_5' value='postback' \/>\n            <input type='hidden' class='gform_hidden' name='gform_theme' data-js='gform_theme_5' id='gform_theme_5' value='legacy' \/>\n            <input type='hidden' class='gform_hidden' name='gform_style_settings' data-js='gform_style_settings_5' id='gform_style_settings_5' value='[]' \/>\n            <input type='hidden' class='gform_hidden' name='is_submit_5' value='1' \/>\n            <input type='hidden' class='gform_hidden' name='gform_submit' value='5' \/>\n            \n            <input type='hidden' class='gform_hidden' name='gform_unique_id' value='' \/>\n            <input type='hidden' class='gform_hidden' name='state_5' value='WyJbXSIsImM0MGVhNDQwNjFhZDcxOTg0MzM5MTBlNGZmYjEwYjQ3Il0=' \/>\n            <input type='hidden' autocomplete='off' class='gform_hidden' name='gform_target_page_number_5' id='gform_target_page_number_5' value='0' \/>\n            <input type='hidden' autocomplete='off' class='gform_hidden' name='gform_source_page_number_5' id='gform_source_page_number_5' value='1' \/>\n            <input type='hidden' name='gform_field_values' value='' \/>\n            \n        <\/div>\n                        <\/form>\n                        <\/div><script type=\"text\/javascript\">\n\/* <![CDATA[ *\/\n gform.initializeOnLoaded( function() {gformInitSpinner( 5, 'https:\/\/www.digife.it\/wp-content\/plugins\/gravityforms\/images\/spinner.svg', true );jQuery('#gform_ajax_frame_5').on('load',function(){var contents = jQuery(this).contents().find('*').html();var is_postback = contents.indexOf('GF_AJAX_POSTBACK') >= 0;if(!is_postback){return;}var form_content = jQuery(this).contents().find('#gform_wrapper_5');var is_confirmation = jQuery(this).contents().find('#gform_confirmation_wrapper_5').length > 0;var is_redirect = contents.indexOf('gformRedirect(){') >= 0;var is_form = form_content.length > 0 && ! is_redirect && ! is_confirmation;var mt = parseInt(jQuery('html').css('margin-top'), 10) + parseInt(jQuery('body').css('margin-top'), 10) + 100;if(is_form){jQuery('#gform_wrapper_5').html(form_content.html());if(form_content.hasClass('gform_validation_error')){jQuery('#gform_wrapper_5').addClass('gform_validation_error');} else {jQuery('#gform_wrapper_5').removeClass('gform_validation_error');}setTimeout( function() { \/* delay the scroll by 50 milliseconds to fix a bug in chrome *\/  }, 50 );if(window['gformInitDatepicker']) {gformInitDatepicker();}if(window['gformInitPriceFields']) {gformInitPriceFields();}var current_page = jQuery('#gform_source_page_number_5').val();gformInitSpinner( 5, 'https:\/\/www.digife.it\/wp-content\/plugins\/gravityforms\/images\/spinner.svg', true );jQuery(document).trigger('gform_page_loaded', [5, current_page]);window['gf_submitting_5'] = false;}else if(!is_redirect){var confirmation_content = jQuery(this).contents().find('.GF_AJAX_POSTBACK').html();if(!confirmation_content){confirmation_content = contents;}jQuery('#gform_wrapper_5').replaceWith(confirmation_content);jQuery(document).trigger('gform_confirmation_loaded', [5]);window['gf_submitting_5'] = false;wp.a11y.speak(jQuery('#gform_confirmation_message_5').text());}else{jQuery('#gform_5').append(contents);if(window['gformRedirect']) {gformRedirect();}}jQuery(document).trigger(\"gform_pre_post_render\", [{ formId: \"5\", currentPage: \"current_page\", abort: function() { this.preventDefault(); } }]);        if (event && event.defaultPrevented) {                return;        }        const gformWrapperDiv = document.getElementById( \"gform_wrapper_5\" );        if ( gformWrapperDiv ) {            const visibilitySpan = document.createElement( \"span\" );            visibilitySpan.id = \"gform_visibility_test_5\";            gformWrapperDiv.insertAdjacentElement( \"afterend\", visibilitySpan );        }        const visibilityTestDiv = document.getElementById( \"gform_visibility_test_5\" );        let postRenderFired = false;        function triggerPostRender() {            if ( postRenderFired ) {                return;            }            postRenderFired = true;            gform.core.triggerPostRenderEvents( 5, current_page );            if ( visibilityTestDiv ) {                visibilityTestDiv.parentNode.removeChild( visibilityTestDiv );            }        }        function debounce( func, wait, immediate ) {            var timeout;            return function() {                var context = this, args = arguments;                var later = function() {                    timeout = null;                    if ( !immediate ) func.apply( context, args );                };                var callNow = immediate && !timeout;                clearTimeout( timeout );                timeout = setTimeout( later, wait );                if ( callNow ) func.apply( context, args );            };        }        const debouncedTriggerPostRender = debounce( function() {            triggerPostRender();        }, 200 );        if ( visibilityTestDiv && visibilityTestDiv.offsetParent === null ) {            const observer = new MutationObserver( ( mutations ) => {                mutations.forEach( ( mutation ) => {                    if ( mutation.type === 'attributes' && visibilityTestDiv.offsetParent !== null ) {                        debouncedTriggerPostRender();                        observer.disconnect();                    }                });            });            observer.observe( document.body, {                attributes: true,                childList: false,                subtree: true,                attributeFilter: [ 'style', 'class' ],            });        } else {            triggerPostRender();        }    } );} ); \n\/* ]]> *\/\n<\/script>\n\n","protected":false},"excerpt":{"rendered":"Ticket Einer unserer Assistenten wird Sie bei Bedarf in den n\u00e4chsten Stunden per E-Mail oder telefonisch kontaktieren. Wenn Sie laufende Hilfe ben\u00f6tigen, k\u00f6nnen Sie uns kontaktieren f\u00fcr ...","protected":false},"author":1,"featured_media":0,"parent":0,"menu_order":54,"comment_status":"closed","ping_status":"closed","template":"","meta":{"footnotes":""},"class_list":["post-1392","page","type-page","status-publish"],"_links":{"self":[{"href":"https:\/\/www.digife.it\/de\/wp-json\/wp\/v2\/pages\/1392","targetHints":{"allow":["GET"]}}],"collection":[{"href":"https:\/\/www.digife.it\/de\/wp-json\/wp\/v2\/pages"}],"about":[{"href":"https:\/\/www.digife.it\/de\/wp-json\/wp\/v2\/types\/page"}],"author":[{"embeddable":true,"href":"https:\/\/www.digife.it\/de\/wp-json\/wp\/v2\/users\/1"}],"replies":[{"embeddable":true,"href":"https:\/\/www.digife.it\/de\/wp-json\/wp\/v2\/comments?post=1392"}],"version-history":[{"count":0,"href":"https:\/\/www.digife.it\/de\/wp-json\/wp\/v2\/pages\/1392\/revisions"}],"wp:attachment":[{"href":"https:\/\/www.digife.it\/de\/wp-json\/wp\/v2\/media?parent=1392"}],"curies":[{"name":"wp","href":"https:\/\/api.w.org\/{rel}","templated":true}]}}